{"id":2752,"date":"2026-02-18T21:19:46","date_gmt":"2026-02-18T20:19:46","guid":{"rendered":"https:\/\/linojd.com\/?post_type=product&#038;p=2752"},"modified":"2026-04-17T11:27:00","modified_gmt":"2026-04-17T10:27:00","slug":"chaise-ute","status":"publish","type":"product","link":"https:\/\/linojd.com\/fr\/produkt\/krzeselko-ute\/","title":{"rendered":"Chaise \u00dcte"},"content":{"rendered":"<h4><span style=\"font-weight: 300;\">Chaise pour enfants 2-5 ans<\/span><\/h4>\n<p><span style=\"font-weight: 400;\">\u00dcte est une chaise pour enfants l\u00e9g\u00e8re et ergonomique, con\u00e7ue pour favoriser l'ind\u00e9pendance et le confort des petits. L'ouverture caract\u00e9ristique du dossier permet aux enfants de d\u00e9placer et de porter facilement la chaise sans l'aide d'un adulte. Avec son bois de h\u00eatre naturel et ses couleurs calmes, \u00dcte compl\u00e8te parfaitement le bureau Fjell, cr\u00e9ant ainsi un ensemble coh\u00e9rent pour le dessin, le jeu et les premi\u00e8res activit\u00e9s \u00e0 table.<\/span><\/p>\n<h5><span style=\"font-weight: 300;\">Caract\u00e9ristiques principales<\/span><\/h5>\n<ul>\n<li style=\"font-weight: 400;\" aria-level=\"1\"><span style=\"font-weight: 400;\">trou dans le dossier pour faciliter le portage<\/span><\/li>\n<li style=\"font-weight: 400;\" aria-level=\"1\"><span style=\"font-weight: 400;\">Con\u00e7u pour les enfants de 2 \u00e0 5 ans<\/span><\/li>\n<li style=\"font-weight: 400;\" aria-level=\"1\"><span style=\"font-weight: 400;\">construction l\u00e9g\u00e8re et stable<\/span><\/li>\n<li style=\"font-weight: 400;\" aria-level=\"1\"><span style=\"font-weight: 400;\">Bords arrondis et soigneusement finis, s\u00fbrs pour les enfants<\/span><\/li>\n<li style=\"font-weight: 400;\" aria-level=\"1\"><span style=\"font-weight: 400;\">forme ergonomique adapt\u00e9e \u00e0 l'enfant<\/span><\/li>\n<\/ul>\n<h5><span style=\"font-weight: 300;\">Mat\u00e9riaux et qualit\u00e9<\/span><\/h5>\n<ul>\n<li style=\"font-weight: 400;\" aria-level=\"1\"><span style=\"font-weight: 400;\">enti\u00e8rement en bois de h\u00eatre massif<\/span><\/li>\n<li style=\"font-weight: 400;\" aria-level=\"1\"><span style=\"font-weight: 400;\">vernis et peintures compatibles avec l'environnement <\/span><b>EN 71-3<\/b><\/li>\n<li style=\"font-weight: 400;\" aria-level=\"1\"><span style=\"font-weight: 400;\">bois certifi\u00e9 <\/span><b>FSC<\/b><\/li>\n<li style=\"font-weight: 400;\" aria-level=\"1\"><span style=\"font-weight: 400;\">fabriqu\u00e9s dans l'UE, conform\u00e9ment aux normes de s\u00e9curit\u00e9 europ\u00e9ennes<\/span><\/li>\n<li style=\"font-weight: 400;\" aria-level=\"1\"><span style=\"font-weight: 400;\">forme durable et intemporelle con\u00e7ue pour un usage quotidien<\/span><\/li>\n<\/ul>","protected":false},"excerpt":{"rendered":"<p>\u00dcte est une chaise pour enfants l\u00e9g\u00e8re et ergonomique, con\u00e7ue pour favoriser l'ind\u00e9pendance et le confort des petits. L'ouverture caract\u00e9ristique du dossier permet aux enfants de d\u00e9placer et de porter facilement la chaise sans l'aide d'un adulte. Avec son bois de h\u00eatre naturel et ses couleurs calmes, \u00dcte compl\u00e8te parfaitement le bureau Fjell, cr\u00e9ant ainsi un ensemble coh\u00e9rent pour le dessin, le jeu et les premi\u00e8res activit\u00e9s \u00e0 table.<\/p>","protected":false},"featured_media":2983,"template":"","meta":{"_gspb_post_css":""},"product_brand":[],"product_cat":[20],"product_tag":[],"class_list":{"0":"post-2752","1":"product","2":"type-product","3":"status-publish","4":"has-post-thumbnail","6":"product_cat-zestaw-modulowy-mebli","8":"first","9":"instock","10":"taxable","11":"shipping-taxable","12":"purchasable","13":"product-type-simple"},"_links":{"self":[{"href":"https:\/\/linojd.com\/fr\/wp-json\/wp\/v2\/product\/2752","targetHints":{"allow":["GET"]}}],"collection":[{"href":"https:\/\/linojd.com\/fr\/wp-json\/wp\/v2\/product"}],"about":[{"href":"https:\/\/linojd.com\/fr\/wp-json\/wp\/v2\/types\/product"}],"wp:featuredmedia":[{"embeddable":true,"href":"https:\/\/linojd.com\/fr\/wp-json\/wp\/v2\/media\/2983"}],"wp:attachment":[{"href":"https:\/\/linojd.com\/fr\/wp-json\/wp\/v2\/media?parent=2752"}],"wp:term":[{"taxonomy":"product_brand","embeddable":true,"href":"https:\/\/linojd.com\/fr\/wp-json\/wp\/v2\/product_brand?post=2752"},{"taxonomy":"product_cat","embeddable":true,"href":"https:\/\/linojd.com\/fr\/wp-json\/wp\/v2\/product_cat?post=2752"},{"taxonomy":"product_tag","embeddable":true,"href":"https:\/\/linojd.com\/fr\/wp-json\/wp\/v2\/product_tag?post=2752"}],"curies":[{"name":"wp","href":"https:\/\/api.w.org\/{rel}","templated":true}]}}