{"id":2702,"date":"2026-02-18T19:43:27","date_gmt":"2026-02-18T18:43:27","guid":{"rendered":"https:\/\/linojd.com\/?post_type=product&#038;p=2702"},"modified":"2026-04-17T11:25:00","modified_gmt":"2026-04-17T10:25:00","slug":"bureau-fjell-avec-rangement","status":"publish","type":"product","link":"https:\/\/linojd.com\/fr\/produkt\/biurko-ze-schowkiem-fjell\/","title":{"rendered":"Bureau Fjell avec compartiment de rangement"},"content":{"rendered":"<h4><span style=\"font-weight: 300;\">Bureau avec compartiment de rangement pour enfants de 2 \u00e0 5 ans<\/span><\/h4>\n<p><span style=\"font-weight: 400;\">Fjell est un bureau enfant minimaliste, con\u00e7u pour la cr\u00e9ativit\u00e9 au quotidien, l\u2019apprentissage et le jeu libre. Sa conception bien pens\u00e9e permet une utilisation confortable par un ou deux enfants en m\u00eame temps, avec un acc\u00e8s des deux c\u00f4t\u00e9s. Une planche \u00e0 dessin coulissante, dissimul\u00e9e sous le plateau, encourage l\u2019expression cr\u00e9ative et aide \u00e0 garder l\u2019espace de l\u2019enfant bien rang\u00e9. Des mat\u00e9riaux naturels et une palette de couleurs sobres permettent \u00e0 Fjell de s\u2019int\u00e9grer harmonieusement dans des int\u00e9rieurs familiaux modernes.<\/span><\/p>\n<h5><span style=\"font-weight: 300;\">Caract\u00e9ristiques principales<\/span><\/h5>\n<ul>\n<li style=\"font-weight: 300;\" aria-level=\"1\"><span style=\"font-weight: 400;\">Bureau enfant pour 1 ou 2 enfants \u2013 acc\u00e8s des deux c\u00f4t\u00e9s<\/span><\/li>\n<li><span style=\"font-weight: 400;\">Planche \u00e0 dessin coulissante, dissimul\u00e9e sous le plateau<\/span><\/li>\n<li style=\"font-weight: 300;\" aria-level=\"1\"><span style=\"font-weight: 400;\">Con\u00e7u pour les enfants de 2 \u00e0 5 ans<\/span><\/li>\n<li style=\"font-weight: 300;\" aria-level=\"1\"><span style=\"font-weight: 400;\">Structure solide et s\u00fbre pour une utilisation quotidienne<\/span><\/li>\n<li style=\"font-weight: 300;\" aria-level=\"1\"><span style=\"font-weight: 400;\">Bords arrondis et soigneusement finis, s\u00fbrs pour les enfants<\/span><\/li>\n<li aria-level=\"1\"><span style=\"font-weight: 400;\">Montage simple et intuitif<\/span><\/li>\n<\/ul>\n<h5><span style=\"font-weight: 300;\">Mat\u00e9riaux et qualit\u00e9<\/span><\/h5>\n<ul>\n<li style=\"font-weight: 400;\" aria-level=\"1\"><span style=\"font-weight: 400;\">Bois de h\u00eatre massif et panneau MFC durable<\/span><\/li>\n<li style=\"font-weight: 400;\" aria-level=\"1\"><span style=\"font-weight: 400;\">Vernis et peintures \u00e9cologiques, s\u00fbrs pour les enfants, conformes \u00e0 la norme applicable. <\/span><b>EN 71-3<\/b><\/li>\n<li style=\"font-weight: 400;\" aria-level=\"1\" class=\"translation-block\"><span style=\"font-weight: 400\">Bois certifi\u00e9 <\/span><b>FSC<\/b><span style=\"font-weight: 400\">, issu d\u2019une gestion responsable<\/span><\/li>\n<li style=\"font-weight: 400;\" aria-level=\"1\"><span style=\"font-weight: 400;\">fabriqu\u00e9s dans l'UE, conform\u00e9ment aux normes de s\u00e9curit\u00e9 en vigueur<\/span><\/li>\n<li style=\"font-weight: 400;\" aria-level=\"1\"><span style=\"font-weight: 400;\">construction robuste et forme intemporelle inspir\u00e9e du design scandinave<\/span><\/li>\n<\/ul>\n<h5><span style=\"font-weight: 300;\">Pour qui<\/span><\/h5>\n<p class=\"translation-block\"><span style=\"font-weight: 400\">Un bureau con\u00e7u pour les enfants \u00e2g\u00e9s de <\/span><b>2 \u00e0 5 ans<\/b><span style=\"font-weight: 400\">. Id\u00e9al comme premier meuble \u00ab \u00e0 soi \u00bb pour l\u2019enfant \u2014 pour des moments cr\u00e9atifs calmes et l\u2019apprentissage de l\u2019autonomie.<\/span><\/p>","protected":false},"excerpt":{"rendered":"<p><span style=\"font-weight: 400;\">Fjell est un bureau enfant minimaliste, con\u00e7u pour la cr\u00e9ativit\u00e9 au quotidien, l\u2019apprentissage et le jeu libre. Sa conception bien pens\u00e9e permet une utilisation confortable par un ou deux enfants en m\u00eame temps, avec un acc\u00e8s des deux c\u00f4t\u00e9s. Une planche \u00e0 dessin coulissante, dissimul\u00e9e sous le plateau, encourage l\u2019expression cr\u00e9ative et aide \u00e0 garder l\u2019espace de l\u2019enfant bien rang\u00e9.<\/span><\/p>","protected":false},"featured_media":2987,"template":"","meta":{"_gspb_post_css":""},"product_brand":[],"product_cat":[20],"product_tag":[],"class_list":{"0":"post-2702","1":"product","2":"type-product","3":"status-publish","4":"has-post-thumbnail","6":"product_cat-zestaw-modulowy-mebli","8":"first","9":"instock","10":"taxable","11":"shipping-taxable","12":"purchasable","13":"product-type-simple"},"_links":{"self":[{"href":"https:\/\/linojd.com\/fr\/wp-json\/wp\/v2\/product\/2702","targetHints":{"allow":["GET"]}}],"collection":[{"href":"https:\/\/linojd.com\/fr\/wp-json\/wp\/v2\/product"}],"about":[{"href":"https:\/\/linojd.com\/fr\/wp-json\/wp\/v2\/types\/product"}],"wp:featuredmedia":[{"embeddable":true,"href":"https:\/\/linojd.com\/fr\/wp-json\/wp\/v2\/media\/2987"}],"wp:attachment":[{"href":"https:\/\/linojd.com\/fr\/wp-json\/wp\/v2\/media?parent=2702"}],"wp:term":[{"taxonomy":"product_brand","embeddable":true,"href":"https:\/\/linojd.com\/fr\/wp-json\/wp\/v2\/product_brand?post=2702"},{"taxonomy":"product_cat","embeddable":true,"href":"https:\/\/linojd.com\/fr\/wp-json\/wp\/v2\/product_cat?post=2702"},{"taxonomy":"product_tag","embeddable":true,"href":"https:\/\/linojd.com\/fr\/wp-json\/wp\/v2\/product_tag?post=2702"}],"curies":[{"name":"wp","href":"https:\/\/api.w.org\/{rel}","templated":true}]}}