{"id":2000,"date":"2025-08-14T08:43:39","date_gmt":"2025-08-14T06:43:39","guid":{"rendered":"https:\/\/linojd.com\/?post_type=product&#038;p=2000"},"modified":"2026-03-29T13:14:15","modified_gmt":"2026-03-29T12:14:15","slug":"ensemble-en-bois-mob-9-en-1","status":"publish","type":"product","link":"https:\/\/linojd.com\/fr\/produkt\/zestaw-drewniany-mob-9w1\/","title":{"rendered":"Set en bois M\u00f8b 9 en 1"},"content":{"rendered":"<p><span style=\"font-weight: 300;\">Chaque journ\u00e9e avec un enfant est une nouvelle histoire.\n\nLe premier repas en autonomie, des heures \u00e0 dessiner des mondes color\u00e9s, de petites biblioth\u00e8ques remplies de contes ou des constructions faites \u00e0 la main. M\u00f8b 9-en-1 a \u00e9t\u00e9 con\u00e7u pour faire partie de ces moments, \u00e9voluer avec l\u2019enfant et s\u2019adapter \u00e0 ses besoins.<\/span><\/p>\n<p><video style=\"display: block; max-width: 100%; height: auto;\" poster=\"https:\/\/linojd.com\/wp-content\/uploads\/linojd_prezentacja.png\" controls=\"controls\" width=\"1920\" height=\"1080\"><source src=\"https:\/\/linojd.com\/wp-content\/uploads\/FILM_MASTER-fullHD-v2.mp4\" type=\"video\/mp4\" \/><\/video><\/p>\n<h5><span style=\"font-weight: 300;\">Pourquoi M\u00f8b est-il unique ?<\/span><\/h5>\n<ul>\n<li style=\"font-weight: 300;\" aria-level=\"1\"><span style=\"font-weight: 300;\">allie fonctionnalit\u00e9 et simplicit\u00e9 du design scandinave,<\/span><\/li>\n<li>ensemble de meubles multifonctionnel pouvant servir de tabouret, chaise, table, bureau et canap\u00e9 avec \u00e9tag\u00e8re,<\/li>\n<li style=\"font-weight: 300;\" aria-level=\"1\"><span style=\"font-weight: 300;\">fabriqu\u00e9 en bois de h\u00eatre massif et MDF, peint avec des peintures \u00e9cologiques,<\/span><\/li>\n<li style=\"font-weight: 300;\" aria-level=\"1\"><span style=\"font-weight: 300;\">gr\u00e2ce \u00e0 sa conception modulaire et r\u00e9glable, il offre jusqu\u2019\u00e0 9 fonctions,<\/span><\/li>\n<li style=\"font-weight: 300;\" aria-level=\"1\"><span style=\"font-weight: 300;\">un investissement durable \u2013 adapt\u00e9 aux enfants de 1 \u00e0 6 ans,<\/span><\/li>\n<li aria-level=\"1\">formes arrondies, s\u00fbres pour les enfants, protection lat\u00e9rale pour les enfants d\u00e8s 1 an.<\/li>\n<\/ul>\n<h5><span style=\"font-weight: 300;\">Comment M\u00f8b \u00e9volue avec l\u2019enfant ?<\/span><\/h5>\n<ul>\n<li style=\"font-weight: 300;\" aria-level=\"1\">ensemble pour enfants de 1 \u00e0 2 ans : chaise avec table<\/li>\n<li style=\"font-weight: 300;\" aria-level=\"1\">ensemble pour enfants de 2 \u00e0 4 ans : chaise avec table et espace suppl\u00e9mentaire pour crayons et accessoires<\/li>\n<li style=\"font-weight: 300;\" aria-level=\"1\">ensemble pour enfants de 5 \u00e0 6 ans : tabouret avec bureau et espace pour livres et fournitures<\/li>\n<li style=\"font-weight: 300;\" aria-level=\"1\">ensemble pour enfants de 5 \u00e0 6 ans : espace biblioth\u00e8que avec possibilit\u00e9 de cr\u00e9er un canap\u00e9<span style=\"font-weight: 300;\"><br \/>\n<\/span><\/li>\n<\/ul>\n<h5><span style=\"font-weight: 300;\">Mat\u00e9riaux et qualit\u00e9<\/span><\/h5>\n<ul>\n<li style=\"font-weight: 300;\" aria-level=\"1\"><span style=\"font-weight: 300;\">bois de h\u00eatre massif et MDF,<\/span><\/li>\n<li style=\"font-weight: 300;\" aria-level=\"1\"><span style=\"font-weight: 300;\">vernis et peintures \u00e9cologiques conformes \u00e0 la norme EN 71-3,<\/span><\/li>\n<li style=\"font-weight: 300;\" aria-level=\"1\"><span style=\"font-weight: 300;\">bois certifi\u00e9 FSC,<\/span><\/li>\n<li style=\"font-weight: 300;\" aria-level=\"1\"><span style=\"font-weight: 300;\">production dans l\u2019UE conforme aux normes EN 16516 et EN 17191,<\/span><\/li>\n<li style=\"font-weight: 300;\" aria-level=\"1\"><span style=\"font-weight: 300;\">montage simple, structure stable, forme intemporelle.<\/span><\/li>\n<\/ul>\n<h5><span style=\"font-weight: 300;\">Contenu du set<\/span><\/h5>\n<ul>\n<li style=\"font-weight: 300;\" aria-level=\"1\"><span style=\"font-weight: 300;\">3 \u00e9l\u00e9ments de mobilier modulaires,<\/span><\/li>\n<li style=\"font-weight: 300;\" aria-level=\"1\"><span style=\"font-weight: 300;\">coloriage lin\u00f6jd \u2013 illustration originale pour partager des moments ensemble,<\/span><\/li>\n<li style=\"font-weight: 300;\" aria-level=\"1\"><span style=\"font-weight: 300;\">manuel d\u2019utilisation \u2013 inspirations, configurations et conseils pratiques,<\/span><\/li>\n<li style=\"font-weight: 300;\" aria-level=\"1\">caches et patins de protection.<\/li>\n<\/ul>\n<p><span style=\"font-size: 11px;\"><i>*Ne pas monter sur le produit. Le produit est destin\u00e9 \u00e0 \u00eatre utilis\u00e9 comme si\u00e8ge.<\/i><\/span><\/p>","protected":false},"excerpt":{"rendered":"<p>M\u00f8b 9 en 1 est un ensemble de meubles qui \u00e9volue avec l\u2019enfant.\nTrois \u00e9l\u00e9ments modulaires permettent de cr\u00e9er jusqu\u2019\u00e0 neuf fonctions - de la chaise et la table, au tabouret et au bureau, jusqu\u2019au canap\u00e9 avec \u00e9tag\u00e8re.\nR\u00e9alis\u00e9 en bois de h\u00eatre massif et en MDF, peint avec des peintures \u00e9cologiques, il est durable, s\u00fbr et intemporel.\nUn meuble qui r\u00e9pond \u00e0 tous les besoins de l\u2019enfant jusqu\u2019\u00e0 l\u2019\u00e2ge de six ans et s\u2019int\u00e8gre naturellement dans le quotidien, dans l\u2019esprit du Hygge et du Lagom.<\/p>","protected":false},"featured_media":2354,"template":"","meta":{"_gspb_post_css":""},"product_brand":[],"product_cat":[20],"product_tag":[],"class_list":{"0":"post-2000","1":"product","2":"type-product","3":"status-publish","4":"has-post-thumbnail","6":"product_cat-zestaw-modulowy-mebli","8":"first","9":"instock","10":"taxable","11":"shipping-taxable","12":"purchasable","13":"product-type-variable","14":"has-default-attributes"},"_links":{"self":[{"href":"https:\/\/linojd.com\/fr\/wp-json\/wp\/v2\/product\/2000","targetHints":{"allow":["GET"]}}],"collection":[{"href":"https:\/\/linojd.com\/fr\/wp-json\/wp\/v2\/product"}],"about":[{"href":"https:\/\/linojd.com\/fr\/wp-json\/wp\/v2\/types\/product"}],"wp:featuredmedia":[{"embeddable":true,"href":"https:\/\/linojd.com\/fr\/wp-json\/wp\/v2\/media\/2354"}],"wp:attachment":[{"href":"https:\/\/linojd.com\/fr\/wp-json\/wp\/v2\/media?parent=2000"}],"wp:term":[{"taxonomy":"product_brand","embeddable":true,"href":"https:\/\/linojd.com\/fr\/wp-json\/wp\/v2\/product_brand?post=2000"},{"taxonomy":"product_cat","embeddable":true,"href":"https:\/\/linojd.com\/fr\/wp-json\/wp\/v2\/product_cat?post=2000"},{"taxonomy":"product_tag","embeddable":true,"href":"https:\/\/linojd.com\/fr\/wp-json\/wp\/v2\/product_tag?post=2000"}],"curies":[{"name":"wp","href":"https:\/\/api.w.org\/{rel}","templated":true}]}}