{"id":1414,"date":"2025-04-19T20:52:52","date_gmt":"2025-04-19T20:52:52","guid":{"rendered":"https:\/\/linojd.com\/?page_id=1414"},"modified":"2026-03-04T20:46:17","modified_gmt":"2026-03-04T19:46:17","slug":"faq","status":"publish","type":"page","link":"https:\/\/linojd.com\/fr\/faq\/","title":{"rendered":"FAQ"},"content":{"rendered":"<div class=\"wp-block-greenshift-blocks-row alignfull gspb_row gs-on-view gspb_row-id-gsbp-ccef69d7-abc8\" id=\"gspb_row-id-gsbp-ccef69d7-abc8\"><\/div>\n\n\n\n<div class=\"wp-block-greenshift-blocks-row alignfull gspb_row gspb_row-id-gsbp-d9148c4\" id=\"gspb_row-id-gsbp-d9148c4\"><div class=\"gspb_row__content\"> \n<div class=\"wp-block-greenshift-blocks-row-column gspb_row__col--6 gspb_row__col--sm-12 gspb_col-id-gsbp-3307111\" id=\"gspb_col-id-gsbp-3307111\">\n<h6 id=\"gspb_heading-id-gsbp-47a1031\" class=\"gspb_heading gspb_heading-id-gsbp-47a1031\">Avant de nous \u00e9crire - jetez un \u0153il ici.<\/h6>\n\n\n\n<div id=\"gspb_text-id-gsbp-25e005e\" class=\"gspb_text gspb_text-id-gsbp-25e005e translation-block\">Nous avons rassembl\u00e9 les r\u00e9ponses aux questions les plus fr\u00e9quentes (et \u00e0 celles que nous aimerions nous-m\u00eames conna\u00eetre avant un achat).\nClair, pr\u00e9cis et avec attention - comme tout ce que nous faisons chez lin\u00f6jd.<\/div>\n<\/div>\n <\/div><\/div>\n\n\n\n<div class=\"wp-block-greenshift-blocks-row alignfull gspb_row gspb_row-id-gsbp-47e574a\" id=\"gspb_row-id-gsbp-47e574a\"><div class=\"gspb_row__content\"> \n<div class=\"wp-block-greenshift-blocks-row-column gspb_row__col--6 gspb_row__col--sm-12 gspb_col-id-gsbp-9da9a73\" id=\"gspb_col-id-gsbp-9da9a73\">\n<div class=\"wp-block-greenshift-blocks-accordion gs-accordion gspb_accordion-id-gsbp-be9803d\" id=\"gspb_accordion-id-gsbp-be9803d\" >\n<div class=\"wp-block-greenshift-blocks-accordionitem gs-accordion-item gspb_accordionitem-gsbp-ac4e363 gsclose\" id=\"gspb_accordionitem-gsbp-ac4e363\" itemscope><div id=\"gs-trigger-gsbp-be9803d-0\" class=\"gs-accordion-item__title\" aria-expanded=\"false\" role=\"button\" tabindex=\"0\" aria-controls=\"gspb-accordion-item-content-gsbp-ac4e363\"><div class=\"gs-accordion-item__heading\">Quelles sont les options de livraison et quels sont les frais d\u2019exp\u00e9dition ?<\/div><span class=\"iconfortoggle\"><span class=\"gs-iconbefore\"><\/span><span class=\"gs-iconafter\"><\/span><\/span><\/div><div aria-labelledby=\"gs-trigger-gsbp-be9803d-0\" class=\"gs-accordion-item__content\" itemscope id=\"gspb-accordion-item-content-gsbp-ac4e363\" aria-hidden=\"true\"><div class=\"gs-accordion-item__text\">\n<p class=\"has-small-font-size translation-block\">Nous livrons en Pologne via un service de messagerie fiable.<br>\nLa livraison est gratuite pour toute commande sup\u00e9rieure \u00e0 100 EUR.<\/p>\n<\/div><\/div><\/div>\n\n\n\n<div class=\"wp-block-greenshift-blocks-accordionitem gs-accordion-item gspb_accordionitem-gsbp-fa5809f gsclose\" id=\"gspb_accordionitem-gsbp-fa5809f\" itemscope><div id=\"gs-trigger-gsbp-be9803d-1\" class=\"gs-accordion-item__title\" aria-expanded=\"false\" role=\"button\" tabindex=\"0\" aria-controls=\"gspb-accordion-item-content-gsbp-fa5809f\"><div class=\"gs-accordion-item__heading\">Puis-je retourner un produit ? Comment cela fonctionne-t-il ?<\/div><span class=\"iconfortoggle\"><span class=\"gs-iconbefore\"><\/span><span class=\"gs-iconafter\"><\/span><\/span><\/div><div aria-labelledby=\"gs-trigger-gsbp-be9803d-1\" class=\"gs-accordion-item__content\" itemscope id=\"gspb-accordion-item-content-gsbp-fa5809f\" aria-hidden=\"true\"><div class=\"gs-accordion-item__text\">\n<p class=\"has-small-font-size translation-block\">Oui. Vous disposez de 14 jours pour retourner votre commande sans avoir \u00e0 justifier votre d\u00e9cision.\n<br>\nIl vous suffit de nous contacter par e-mail et nous vous indiquerons la marche \u00e0 suivre.\nLe produit ne doit pas avoir \u00e9t\u00e9 utilis\u00e9 et doit \u00eatre retourn\u00e9 dans son emballage d\u2019origine.\n<br>\nPlus d\u2019informations :\n<a href=\"https:\/\/linojd.com\/fr\/reclamations-et-retours\/\" target=\"_self\">https:\/\/linojd.com\/reklamacje-i-zwroty\/<\/a><\/p>\n<\/div><\/div><\/div>\n\n\n\n<div class=\"wp-block-greenshift-blocks-accordionitem gs-accordion-item gspb_accordionitem-gsbp-b4dc6c2 gsclose\" id=\"gspb_accordionitem-gsbp-b4dc6c2\" itemscope><div id=\"gs-trigger-gsbp-be9803d-2\" class=\"gs-accordion-item__title\" aria-expanded=\"false\" role=\"button\" tabindex=\"0\" aria-controls=\"gspb-accordion-item-content-gsbp-b4dc6c2\"><div class=\"gs-accordion-item__heading\">Que faire si un probl\u00e8me survient avec ma commande ?<\/div><span class=\"iconfortoggle\"><span class=\"gs-iconbefore\"><\/span><span class=\"gs-iconafter\"><\/span><\/span><\/div><div aria-labelledby=\"gs-trigger-gsbp-be9803d-2\" class=\"gs-accordion-item__content\" itemscope id=\"gspb-accordion-item-content-gsbp-b4dc6c2\" aria-hidden=\"true\"><div class=\"gs-accordion-item__text\">\n<p class=\"has-small-font-size translation-block\">Vous pouvez toujours nous \u00e9crire - nous sommes l\u00e0 pour vous aider.<br>\n\nSi votre produit est arriv\u00e9 endommag\u00e9 ou si quelque chose ne correspond pas \u00e0 votre commande, nous r\u00e9agirons rapidement et avec attention.<br>\nNous traitons chaque r\u00e9clamation avec le soin que nous aimerions recevoir nous-m\u00eames.<\/p>\n<\/div><\/div><\/div>\n\n\n\n<div class=\"wp-block-greenshift-blocks-accordionitem gs-accordion-item gspb_accordionitem-gsbp-65589f3 gsclose\" id=\"gspb_accordionitem-gsbp-65589f3\" itemscope><div id=\"gs-trigger-gsbp-be9803d-3\" class=\"gs-accordion-item__title\" aria-expanded=\"false\" role=\"button\" tabindex=\"0\" aria-controls=\"gspb-accordion-item-content-gsbp-65589f3\"><div class=\"gs-accordion-item__heading\">O\u00f9 sont fabriqu\u00e9s vos produits ?<\/div><span class=\"iconfortoggle\"><span class=\"gs-iconbefore\"><\/span><span class=\"gs-iconafter\"><\/span><\/span><\/div><div aria-labelledby=\"gs-trigger-gsbp-be9803d-3\" class=\"gs-accordion-item__content\" itemscope id=\"gspb-accordion-item-content-gsbp-65589f3\" aria-hidden=\"true\"><div class=\"gs-accordion-item__text\">\n<p class=\"has-small-font-size translation-block\">Tous nos produits sont fabriqu\u00e9s au sein de l\u2019Union europ\u00e9enne - localement, de mani\u00e8re \u00e9thique et avec une grande exigence de qualit\u00e9.<br>\nNous collaborons uniquement avec des partenaires de confiance.<\/p>\n<\/div><\/div><\/div>\n<\/div>\n<\/div>\n\n\n\n<div class=\"wp-block-greenshift-blocks-row-column gspb_row__col--6 gspb_row__col--sm-12 gspb_col-id-gsbp-ede1e4a\" id=\"gspb_col-id-gsbp-ede1e4a\">\n<div class=\"wp-block-greenshift-blocks-accordion gs-accordion gspb_accordion-id-gsbp-117cc76\" id=\"gspb_accordion-id-gsbp-117cc76\" >\n<div class=\"wp-block-greenshift-blocks-accordionitem gs-accordion-item gspb_accordionitem-gsbp-4cd865f gsclose\" id=\"gspb_accordionitem-gsbp-4cd865f\" itemscope><div id=\"gs-trigger-gsbp-117cc76-0\" class=\"gs-accordion-item__title\" aria-expanded=\"false\" role=\"button\" tabindex=\"0\" aria-controls=\"gspb-accordion-item-content-gsbp-4cd865f\"><div class=\"gs-accordion-item__heading\">Les produits lin\u00f6jd sont-ils s\u00fbrs pour les enfants ?<\/div><span class=\"iconfortoggle\"><span class=\"gs-iconbefore\"><\/span><span class=\"gs-iconafter\"><\/span><\/span><\/div><div aria-labelledby=\"gs-trigger-gsbp-117cc76-0\" class=\"gs-accordion-item__content\" itemscope id=\"gspb-accordion-item-content-gsbp-4cd865f\" aria-hidden=\"true\"><div class=\"gs-accordion-item__text\">\n<p class=\"has-small-font-size\">Oui - la s\u00e9curit\u00e9 est notre priorit\u00e9. Nous utilisons uniquement des mat\u00e9riaux et des vernis certifi\u00e9s conformes aux normes europ\u00e9ennes.<\/p>\n<\/div><\/div><\/div>\n\n\n\n<div class=\"wp-block-greenshift-blocks-accordionitem gs-accordion-item gspb_accordionitem-gsbp-759032b gsclose\" id=\"gspb_accordionitem-gsbp-759032b\" itemscope><div id=\"gs-trigger-gsbp-117cc76-1\" class=\"gs-accordion-item__title\" aria-expanded=\"false\" role=\"button\" tabindex=\"0\" aria-controls=\"gspb-accordion-item-content-gsbp-759032b\"><div class=\"gs-accordion-item__heading\">De quels mat\u00e9riaux est compos\u00e9 M\u00f8b 9-en-1 ?<\/div><span class=\"iconfortoggle\"><span class=\"gs-iconbefore\"><\/span><span class=\"gs-iconafter\"><\/span><\/span><\/div><div aria-labelledby=\"gs-trigger-gsbp-117cc76-1\" class=\"gs-accordion-item__content\" itemscope id=\"gspb-accordion-item-content-gsbp-759032b\" aria-hidden=\"true\"><div class=\"gs-accordion-item__text\">\n<p class=\"has-small-font-size translation-block\">M\u00f8b 9-en-1 associe du bois de h\u00eatre massif et du MDF durable, recouverts de peintures acryliques \u00e0 base d\u2019eau, \u00e0 faible \u00e9mission.\nLe meuble est stable, solide et con\u00e7u pour \u00e9voluer avec l\u2019enfant.<\/p>\n<\/div><\/div><\/div>\n<\/div>\n<\/div>\n <\/div><\/div>","protected":false},"excerpt":{"rendered":"","protected":false},"author":1,"featured_media":0,"parent":0,"menu_order":0,"comment_status":"closed","ping_status":"closed","template":"","meta":{"_gspb_post_css":"#gspb_row-id-gsbp-ccef69d7-abc8{display:flex;flex-wrap:wrap;align-items:flex-start;justify-content:flex-start;align-content:flex-start;margin-top:0;margin-bottom:0;padding:0;background-size:cover;background-attachment:fixed}#gspb_row-id-gsbp-ccef69d7-abc8>.gspb_row__content{display:flex;justify-content:space-between;margin:0 auto;width:100%;flex-wrap:wrap}div[id^=gspb_col-id]{box-sizing:border-box;position:relative;padding:var(--gs-row-column-padding, 15px min(3vw, 20px))}#gspb_row-id-gsbp-ccef69d7-abc8.gs-active-view{background-image:url(https:\/\/linojd.com\/wp-content\/uploads\/2025\/04\/Mob_08-scaled.jpg)}#gspb_row-id-gsbp-ccef69d7-abc8:hover{background-size:cover}#gspb_row-id-gsbp-d9148c4{justify-content:space-between;margin-top:0;margin-bottom:0;display:flex;flex-wrap:wrap;align-content:stretch;background-color:#e0e0ce36}#gspb_row-id-gsbp-d9148c4>.gspb_row__content{display:flex;justify-content:space-between;margin:0 auto;width:100%;flex-wrap:wrap;align-items:stretch}body.gspb-bodyfront #gspb_row-id-gsbp-d9148c4>.gspb_row__content{width:var(--theme-container-width, 1200px);max-width:var(--theme-normal-container-max-width, 1200px)}@media (max-width:991.98px){#gspb_row-id-gsbp-d9148c4{background-color:#e0e0ce36}}@media (max-width:767.98px){#gspb_row-id-gsbp-d9148c4{background-color:#e0e0ce36}}@media (max-width:575.98px){#gspb_row-id-gsbp-d9148c4{background-color:#e0e0ce36}}#gspb_col-id-gsbp-3307111.gspb_row__col--6{width:50%}@media (max-width:767.98px){#gspb_col-id-gsbp-3307111.gspb_row__col--6{width:100%}}@media (max-width:575.98px){#gspb_col-id-gsbp-3307111.gspb_row__col--6{width:100%}}@media (min-width:992px){body.gspb-bodyfront #gspb_col-id-gsbp-3307111.gspb_row__col--6{width:calc(100% - 0px - 0px)}}.gspb_row #gspb_col-id-gsbp-3307111.gspb_row__col--6{padding-top:60px;padding-bottom:60px}body #gspb_col-id-gsbp-3307111.gspb_row__col--6{display:flex;flex-direction:column;justify-content:flex-start;align-items:flex-start;row-gap:20px;column-gap:20px}#gspb_heading-id-gsbp-47a1031{font-size:22px;line-height:28px;color:var(--wp--preset--color--palette-color-2, var(--theme-palette-color-2, rgb(132,131,95)));margin:2px 0 0}.gspb_text-id-gsbp-25e005e{font-size:16px;opacity:.7}#gspb_row-id-gsbp-47e574a{justify-content:space-between;margin-top:0;margin-bottom:0;display:flex;flex-wrap:wrap;padding-top:50px;padding-bottom:40px}#gspb_row-id-gsbp-47e574a>.gspb_row__content{display:flex;justify-content:space-between;margin:0 auto;width:100%;flex-wrap:wrap}.gspb_row{position:relative}body.gspb-bodyfront #gspb_row-id-gsbp-47e574a>.gspb_row__content{width:var(--theme-container-width, 1200px);max-width:var(--theme-normal-container-max-width, 1200px)}#gspb_col-id-gsbp-9da9a73.gspb_row__col--6{width:50%}@media (max-width:767.98px){#gspb_col-id-gsbp-9da9a73.gspb_row__col--6{width:100%}}@media (max-width:575.98px){#gspb_col-id-gsbp-9da9a73.gspb_row__col--6{width:100%}}#gspb_accordion-id-gsbp-be9803d .gs-accordion-item.gsclose>.gs-accordion-item__content{overflow:hidden;opacity:0}#gspb_accordion-id-gsbp-be9803d .gs-accordion-item.gsopen>.gs-accordion-item__content{opacity:1;max-height:5000px}#gspb_accordion-id-gsbp-be9803d .gs-accordion-item>.gs-accordion-item__title>.gs-accordion-item__heading{outline:0;text-decoration:none;margin:0!important;padding:0!important;flex-grow:1}#gspb_accordion-id-gsbp-be9803d .gs-accordion-item>.gs-accordion-item__title{z-index:1;margin:0;cursor:pointer;transition:all .3s ease-in-out;position:relative;display:flex;justify-content:space-between;align-items:center;flex-wrap:nowrap}#gspb_accordion-id-gsbp-be9803d .gs-accordion-item>.gs-accordion-item__content{z-index:0;position:relative;max-height:0;will-change:max-height;transition:all .25s ease-out}#gspb_accordion-id-gsbp-be9803d .gs-accordion-item>.gs-accordion-item__title{background-color:#fff}@media (max-width:991.98px){#gspb_accordion-id-gsbp-be9803d .gs-accordion-item>.gs-accordion-item__title{background-color:#fff}}@media (max-width:767.98px){#gspb_accordion-id-gsbp-be9803d .gs-accordion-item>.gs-accordion-item__title{background-color:#fff}}@media (max-width:575.98px){#gspb_accordion-id-gsbp-be9803d .gs-accordion-item>.gs-accordion-item__title{background-color:#fff}}#gspb_accordion-id-gsbp-be9803d .gs-accordion-item>.gs-accordion-item__title{border-top-left-radius:0;border-top-right-radius:0;border-bottom-right-radius:0;border-bottom-left-radius:0;border-style:solid;border-width:1px;border-color:var(--wp--preset--color--palette-color-4, var(--theme-palette-color-4, #212529));font-size:18px}#gspb_accordion-id-gsbp-be9803d .gs-accordion-item__title>*{font-size:18px}#gspb_accordion-id-gsbp-be9803d .gs-accordion-item.gsopen>.gs-accordion-item__title{border-top-left-radius:0;border-top-right-radius:0;border-bottom-right-radius:0;border-bottom-left-radius:0;border-bottom-style:solid;border-bottom-width:1px;border-bottom-color:#00000000}#gspb_accordion-id-gsbp-be9803d .gs-accordion-item>.gs-accordion-item__content{border-top-left-radius:0;border-top-right-radius:0;border-bottom-right-radius:0;border-bottom-left-radius:0;border-color:var(--wp--preset--color--palette-color-1, var(--theme-palette-color-1, rgb(132,131,95)));border-style:solid;border-width:1px;border-top-color:#00000000;color:#4d4d4d}#gspb_accordion-id-gsbp-be9803d .gs-accordion-item{margin-bottom:10px}#gspb_accordion-id-gsbp-be9803d .gs-accordion-item>.gs-accordion-item__title{padding:20px 25px 20px 30px}#gspb_accordion-id-gsbp-be9803d .gs-accordion-item>.gs-accordion-item__content>.gs-accordion-item__text{padding:5px 30px}.gs-accordion .gs-accordion-item.gsopen .gs-accordion-item__title .gs-iconafter{transform:rotate(0)}#gspb_col-id-gsbp-ede1e4a.gspb_row__col--6{width:50%}@media (max-width:767.98px){#gspb_col-id-gsbp-ede1e4a.gspb_row__col--6{width:100%}}@media (max-width:575.98px){#gspb_col-id-gsbp-ede1e4a.gspb_row__col--6{width:100%}}#gspb_accordion-id-gsbp-117cc76 .gs-accordion-item.gsclose>.gs-accordion-item__content{overflow:hidden;opacity:0}#gspb_accordion-id-gsbp-117cc76 .gs-accordion-item.gsopen>.gs-accordion-item__content{opacity:1;max-height:5000px}#gspb_accordion-id-gsbp-117cc76 .gs-accordion-item>.gs-accordion-item__title>.gs-accordion-item__heading{outline:0;text-decoration:none;margin:0!important;padding:0!important;flex-grow:1}#gspb_accordion-id-gsbp-117cc76 .gs-accordion-item>.gs-accordion-item__title{z-index:1;margin:0;cursor:pointer;transition:all .3s ease-in-out;position:relative;display:flex;justify-content:space-between;align-items:center;flex-wrap:nowrap}#gspb_accordion-id-gsbp-117cc76 .gs-accordion-item>.gs-accordion-item__content{z-index:0;position:relative;max-height:0;will-change:max-height;transition:all .25s ease-out}#gspb_accordion-id-gsbp-117cc76 .gs-accordion-item>.gs-accordion-item__title{background-color:#fff}@media (max-width:991.98px){#gspb_accordion-id-gsbp-117cc76 .gs-accordion-item>.gs-accordion-item__title{background-color:#fff}}@media (max-width:767.98px){#gspb_accordion-id-gsbp-117cc76 .gs-accordion-item>.gs-accordion-item__title{background-color:#fff}}@media (max-width:575.98px){#gspb_accordion-id-gsbp-117cc76 .gs-accordion-item>.gs-accordion-item__title{background-color:#fff}}#gspb_accordion-id-gsbp-117cc76 .gs-accordion-item>.gs-accordion-item__title{border-top-left-radius:0;border-top-right-radius:0;border-bottom-right-radius:0;border-bottom-left-radius:0;border-style:solid;border-width:1px;border-color:var(--wp--preset--color--palette-color-4, var(--theme-palette-color-4, #212529));font-size:18px}#gspb_accordion-id-gsbp-117cc76 .gs-accordion-item__title>*{font-size:18px}#gspb_accordion-id-gsbp-117cc76 .gs-accordion-item.gsopen>.gs-accordion-item__title{border-top-left-radius:0;border-top-right-radius:0;border-bottom-right-radius:0;border-bottom-left-radius:0;border-bottom-style:solid;border-bottom-width:1px;border-bottom-color:#00000000}#gspb_accordion-id-gsbp-117cc76 .gs-accordion-item>.gs-accordion-item__content{border-top-left-radius:0;border-top-right-radius:0;border-bottom-right-radius:0;border-bottom-left-radius:0;border-color:var(--wp--preset--color--palette-color-1, var(--theme-palette-color-1, rgb(132,131,95)));border-style:solid;border-width:1px;border-top-color:#00000000;color:#4d4d4d}#gspb_accordion-id-gsbp-117cc76 .gs-accordion-item>.gs-accordion-item__title span.iconfortoggle,#gspb_accordion-id-gsbp-be9803d .gs-accordion-item>.gs-accordion-item__title span.iconfortoggle{margin-left:15px;display:inline-block;height:14px;width:14px;position:relative}#gspb_accordion-id-gsbp-117cc76 .gs-accordion-item{margin-bottom:10px}#gspb_accordion-id-gsbp-117cc76 .gs-accordion-item>.gs-accordion-item__title{padding:20px 25px 20px 30px}#gspb_accordion-id-gsbp-117cc76 .gs-accordion-item>.gs-accordion-item__content>.gs-accordion-item__text{padding:5px 30px}.gs-accordion .gs-accordion-item__title span.iconfortoggle .gs-iconafter,.gs-accordion .gs-accordion-item__title span.iconfortoggle .gs-iconbefore{content:'';width:14px;height:2px;border-radius:2px;background-color:#111;position:absolute;top:6px;left:0}.gs-accordion .gs-accordion-item__title span.iconfortoggle .gs-iconafter{transform:rotate(90deg);transition:all .3s ease-in-out}","footnotes":""},"class_list":["post-1414","page","type-page","status-publish","hentry"],"blocksy_meta":[],"_links":{"self":[{"href":"https:\/\/linojd.com\/fr\/wp-json\/wp\/v2\/pages\/1414","targetHints":{"allow":["GET"]}}],"collection":[{"href":"https:\/\/linojd.com\/fr\/wp-json\/wp\/v2\/pages"}],"about":[{"href":"https:\/\/linojd.com\/fr\/wp-json\/wp\/v2\/types\/page"}],"author":[{"embeddable":true,"href":"https:\/\/linojd.com\/fr\/wp-json\/wp\/v2\/users\/1"}],"replies":[{"embeddable":true,"href":"https:\/\/linojd.com\/fr\/wp-json\/wp\/v2\/comments?post=1414"}],"version-history":[{"count":0,"href":"https:\/\/linojd.com\/fr\/wp-json\/wp\/v2\/pages\/1414\/revisions"}],"wp:attachment":[{"href":"https:\/\/linojd.com\/fr\/wp-json\/wp\/v2\/media?parent=1414"}],"curies":[{"name":"wp","href":"https:\/\/api.w.org\/{rel}","templated":true}]}}