{"id":2000,"date":"2025-08-14T08:43:39","date_gmt":"2025-08-14T06:43:39","guid":{"rendered":"https:\/\/linojd.com\/?post_type=product&#038;p=2000"},"modified":"2026-03-29T13:14:15","modified_gmt":"2026-03-29T12:14:15","slug":"conjunto-de-madera-mob-9-en-1","status":"publish","type":"product","link":"https:\/\/linojd.com\/es\/produkt\/zestaw-drewniany-mob-9w1\/","title":{"rendered":"Set de madera M\u00f8b 9 en 1"},"content":{"rendered":"<p><span style=\"font-weight: 300;\">Cada d\u00eda con un ni\u00f1o es una nueva historia.\n\nLa primera comida en solitario, horas dibujando mundos llenos de color, peque\u00f1as bibliotecas repletas de cuentos o construcciones hechas a mano. M\u00f8b 9-en-1 nace para formar parte de estos momentos, crecer junto al ni\u00f1o y adaptarse a sus necesidades.<\/span><\/p>\n<p><video style=\"display: block; max-width: 100%; height: auto;\" poster=\"https:\/\/linojd.com\/wp-content\/uploads\/linojd_prezentacja.png\" controls=\"controls\" width=\"1920\" height=\"1080\"><source src=\"https:\/\/linojd.com\/wp-content\/uploads\/FILM_MASTER-fullHD-v2.mp4\" type=\"video\/mp4\" \/><\/video><\/p>\n<h5><span style=\"font-weight: 300;\">\u00bfPor qu\u00e9 M\u00f8b es especial?<\/span><\/h5>\n<ul>\n<li style=\"font-weight: 300;\" aria-level=\"1\"><span style=\"font-weight: 300;\">combina funcionalidad y la sencillez del dise\u00f1o escandinavo,<\/span><\/li>\n<li>conjunto de muebles multifuncional que puede utilizarse como taburete, silla, mesa, escritorio y sof\u00e1 con estanter\u00eda,<\/li>\n<li style=\"font-weight: 300;\" aria-level=\"1\"><span style=\"font-weight: 300;\">fabricado en madera maciza de haya y MDF, pintado con pinturas ecol\u00f3gicas,<\/span><\/li>\n<li style=\"font-weight: 300;\" aria-level=\"1\"><span style=\"font-weight: 300;\">gracias a su dise\u00f1o modular y ajustes, ofrece hasta 9 funciones,<\/span><\/li>\n<li style=\"font-weight: 300;\" aria-level=\"1\"><span style=\"font-weight: 300;\">una inversi\u00f3n para muchos a\u00f1os \u2013 adecuado para ni\u00f1os de 1 a 6 a\u00f1os,<\/span><\/li>\n<li aria-level=\"1\">formas redondeadas, seguras para los ni\u00f1os, protecci\u00f3n lateral para el ni\u00f1o desde el primer a\u00f1o de vida.<\/li>\n<\/ul>\n<h5><span style=\"font-weight: 300;\">\u00bfC\u00f3mo evoluciona M\u00f8b con el ni\u00f1o?<\/span><\/h5>\n<ul>\n<li style=\"font-weight: 300;\" aria-level=\"1\">conjunto para ni\u00f1os de 1\u20132 a\u00f1os: silla con mesa<\/li>\n<li style=\"font-weight: 300;\" aria-level=\"1\">conjunto para ni\u00f1os de 2\u20134 a\u00f1os: silla con mesa y espacio adicional para l\u00e1pices y accesorios<\/li>\n<li style=\"font-weight: 300;\" aria-level=\"1\">conjunto para ni\u00f1os de 5\u20136 a\u00f1os: taburete con escritorio y espacio para libros y materiales<\/li>\n<li style=\"font-weight: 300;\" aria-level=\"1\">conjunto para ni\u00f1os de 5\u20136 a\u00f1os: zona de biblioteca con posibilidad de crear un sof\u00e1<span style=\"font-weight: 300;\"><br \/>\n<\/span><\/li>\n<\/ul>\n<h5><span style=\"font-weight: 300;\">Materiales y calidad<\/span><\/h5>\n<ul>\n<li style=\"font-weight: 300;\" aria-level=\"1\"><span style=\"font-weight: 300;\">madera maciza de haya y MDF,<\/span><\/li>\n<li style=\"font-weight: 300;\" aria-level=\"1\"><span style=\"font-weight: 300;\">barnices y pinturas ecol\u00f3gicas conformes a la norma EN 71-3,<\/span><\/li>\n<li style=\"font-weight: 300;\" aria-level=\"1\"><span style=\"font-weight: 300;\">madera certificada FSC,<\/span><\/li>\n<li style=\"font-weight: 300;\" aria-level=\"1\"><span style=\"font-weight: 300;\">producci\u00f3n en la UE conforme a las normas EN 16516 y EN 17191,<\/span><\/li>\n<li style=\"font-weight: 300;\" aria-level=\"1\"><span style=\"font-weight: 300;\">montaje sencillo, estructura estable, dise\u00f1o atemporal.<\/span><\/li>\n<\/ul>\n<h5><span style=\"font-weight: 300;\">\u00bfQu\u00e9 incluye el set?<\/span><\/h5>\n<ul>\n<li style=\"font-weight: 300;\" aria-level=\"1\"><span style=\"font-weight: 300;\">3 elementos de mobiliario modulares,<\/span><\/li>\n<li style=\"font-weight: 300;\" aria-level=\"1\"><span style=\"font-weight: 300;\">libro para colorear lin\u00f6jd \u2013 ilustraci\u00f3n original para compartir tiempo juntos,<\/span><\/li>\n<li style=\"font-weight: 300;\" aria-level=\"1\"><span style=\"font-weight: 300;\">manual de usuario \u2013 inspiraci\u00f3n, configuraciones y consejos pr\u00e1cticos,<\/span><\/li>\n<li style=\"font-weight: 300;\" aria-level=\"1\">tapas y fieltros protectores.<\/li>\n<\/ul>\n<p><span style=\"font-size: 11px;\"><i>*No subirse al producto. Producto destinado \u00fanicamente para sentarse.<\/i><\/span><\/p>","protected":false},"excerpt":{"rendered":"<p>M\u00f8b 9 en 1 es un conjunto de muebles que crece junto al ni\u00f1o.\nTres elementos modulares permiten crear hasta nueve funciones: desde una silla y una mesa, pasando por un taburete y un escritorio, hasta un sof\u00e1 con estanter\u00eda.\nFabricado en madera maciza de haya y MDF, pintado con pinturas ecol\u00f3gicas, es duradero, seguro y atemporal.\nUn mueble que responde a todas las necesidades del ni\u00f1o hasta los seis a\u00f1os y encaja de forma natural en la vida cotidiana, inspirado en el esp\u00edritu del Hygge y el Lagom.<\/p>","protected":false},"featured_media":2354,"template":"","meta":{"_gspb_post_css":""},"product_brand":[],"product_cat":[20],"product_tag":[],"class_list":{"0":"post-2000","1":"product","2":"type-product","3":"status-publish","4":"has-post-thumbnail","6":"product_cat-zestaw-modulowy-mebli","8":"first","9":"instock","10":"taxable","11":"shipping-taxable","12":"purchasable","13":"product-type-variable","14":"has-default-attributes"},"_links":{"self":[{"href":"https:\/\/linojd.com\/es\/wp-json\/wp\/v2\/product\/2000","targetHints":{"allow":["GET"]}}],"collection":[{"href":"https:\/\/linojd.com\/es\/wp-json\/wp\/v2\/product"}],"about":[{"href":"https:\/\/linojd.com\/es\/wp-json\/wp\/v2\/types\/product"}],"wp:featuredmedia":[{"embeddable":true,"href":"https:\/\/linojd.com\/es\/wp-json\/wp\/v2\/media\/2354"}],"wp:attachment":[{"href":"https:\/\/linojd.com\/es\/wp-json\/wp\/v2\/media?parent=2000"}],"wp:term":[{"taxonomy":"product_brand","embeddable":true,"href":"https:\/\/linojd.com\/es\/wp-json\/wp\/v2\/product_brand?post=2000"},{"taxonomy":"product_cat","embeddable":true,"href":"https:\/\/linojd.com\/es\/wp-json\/wp\/v2\/product_cat?post=2000"},{"taxonomy":"product_tag","embeddable":true,"href":"https:\/\/linojd.com\/es\/wp-json\/wp\/v2\/product_tag?post=2000"}],"curies":[{"name":"wp","href":"https:\/\/api.w.org\/{rel}","templated":true}]}}