{"id":2702,"date":"2026-02-18T19:43:27","date_gmt":"2026-02-18T18:43:27","guid":{"rendered":"https:\/\/linojd.com\/?post_type=product&#038;p=2702"},"modified":"2026-04-17T11:25:00","modified_gmt":"2026-04-17T10:25:00","slug":"fjell-schreibtisch-mit-stauraum","status":"publish","type":"product","link":"https:\/\/linojd.com\/de\/produkt\/biurko-ze-schowkiem-fjell\/","title":{"rendered":"Fjell Schreibtisch mit Stauraumfach"},"content":{"rendered":"<h4><span style=\"font-weight: 300;\">Schreibtisch mit Stauraumfach f\u00fcr Kinder von 2\u20135 Jahren<\/span><\/h4>\n<p><span style=\"font-weight: 400;\">Fjell ist ein minimalistischer Kinderschreibtisch, der f\u00fcr allt\u00e4gliche Kreativit\u00e4t, Lernen und freies Spielen entworfen wurde. Die durchdachte Konstruktion erm\u00f6glicht eine komfortable Nutzung durch ein oder zwei Kinder gleichzeitig \u2013 mit Zugang von beiden Seiten. Eine ausziehbare Zeichenplatte, die unter der Tischplatte verborgen ist, f\u00f6rdert kreativen Ausdruck und hilft dabei, Ordnung im Kinderzimmer zu halten. Nat\u00fcrliche Materialien und eine zur\u00fcckhaltende Farbpalette sorgen daf\u00fcr, dass sich Fjell harmonisch in moderne Familienr\u00e4ume einf\u00fcgt.<\/span><\/p>\n<h5><span style=\"font-weight: 300;\">Wichtigste Merkmale<\/span><\/h5>\n<ul>\n<li style=\"font-weight: 300;\" aria-level=\"1\"><span style=\"font-weight: 400;\">Kinderschreibtisch f\u00fcr 1 oder 2 Kinder \u2013 Zugang von beiden Seiten<\/span><\/li>\n<li><span style=\"font-weight: 400;\">Ausziehbare Zeichenplatte, unter der Tischplatte verstaut<\/span><\/li>\n<li style=\"font-weight: 300;\" aria-level=\"1\"><span style=\"font-weight: 400;\">F\u00fcr Kinder im Alter von 2\u20135 Jahren geeignet<\/span><\/li>\n<li style=\"font-weight: 300;\" aria-level=\"1\"><span style=\"font-weight: 400;\">Stabile und sichere Konstruktion f\u00fcr den t\u00e4glichen Gebrauch<\/span><\/li>\n<li style=\"font-weight: 300;\" aria-level=\"1\"><span style=\"font-weight: 400;\">Abgerundete, sorgf\u00e4ltig verarbeitete Kanten \u2013 sicher f\u00fcr Kinder<\/span><\/li>\n<li aria-level=\"1\"><span style=\"font-weight: 400;\">Einfache, intuitive Montage<\/span><\/li>\n<\/ul>\n<h5><span style=\"font-weight: 300;\">Materialien und Qualit\u00e4t<\/span><\/h5>\n<ul>\n<li style=\"font-weight: 400;\" aria-level=\"1\"><span style=\"font-weight: 400;\">Massives Buchenholz und robuste MFC-Platte<\/span><\/li>\n<li style=\"font-weight: 400;\" aria-level=\"1\"><span style=\"font-weight: 400;\">Umweltfreundliche, kindersichere Lacke und Farben, konform mit der entsprechenden Norm. <\/span><b>DE 71-3<\/b><\/li>\n<li style=\"font-weight: 400;\" aria-level=\"1\" class=\"translation-block\"><span style=\"font-weight: 400\">Holz mit <\/span><b>FSC<\/b><span style=\"font-weight: 400\">-Zertifikat, verantwortungsvoll bezogen<\/span><\/li>\n<li style=\"font-weight: 400;\" aria-level=\"1\"><span style=\"font-weight: 400;\">Herstellung in der EU, konform mit den geltenden Sicherheitsnormen<\/span><\/li>\n<li style=\"font-weight: 400;\" aria-level=\"1\"><span style=\"font-weight: 400;\">Solide Konstruktion und zeitlose Form, inspiriert vom skandinavischen Design<\/span><\/li>\n<\/ul>\n<h5><span style=\"font-weight: 300;\">F\u00fcr wen<\/span><\/h5>\n<p class=\"translation-block\"><span style=\"font-weight: 400\">Ein Schreibtisch f\u00fcr Kinder im Alter von <\/span><b>2\u20135 Jahren<\/b><span style=\"font-weight: 400\">. Ideal als erstes \u201eeigenes\u201c M\u00f6belst\u00fcck des Kindes \u2013 f\u00fcr ruhige kreative Momente und das Erlernen von Selbstst\u00e4ndigkeit.<\/span><\/p>","protected":false},"excerpt":{"rendered":"<p><span style=\"font-weight: 400;\">Fjell ist ein minimalistischer Kinderschreibtisch, der f\u00fcr allt\u00e4gliche Kreativit\u00e4t, Lernen und freies Spielen entworfen wurde. Die durchdachte Konstruktion erm\u00f6glicht eine komfortable Nutzung durch ein oder zwei Kinder gleichzeitig \u2013 mit Zugang von beiden Seiten. Eine ausziehbare Zeichenplatte, die unter der Tischplatte verborgen ist, f\u00f6rdert kreativen Ausdruck und hilft dabei, Ordnung im Kinderzimmer zu halten.<\/span><\/p>","protected":false},"featured_media":2987,"template":"","meta":{"_gspb_post_css":""},"product_brand":[],"product_cat":[20],"product_tag":[],"class_list":{"0":"post-2702","1":"product","2":"type-product","3":"status-publish","4":"has-post-thumbnail","6":"product_cat-zestaw-modulowy-mebli","8":"first","9":"instock","10":"taxable","11":"shipping-taxable","12":"purchasable","13":"product-type-simple"},"_links":{"self":[{"href":"https:\/\/linojd.com\/de\/wp-json\/wp\/v2\/product\/2702","targetHints":{"allow":["GET"]}}],"collection":[{"href":"https:\/\/linojd.com\/de\/wp-json\/wp\/v2\/product"}],"about":[{"href":"https:\/\/linojd.com\/de\/wp-json\/wp\/v2\/types\/product"}],"wp:featuredmedia":[{"embeddable":true,"href":"https:\/\/linojd.com\/de\/wp-json\/wp\/v2\/media\/2987"}],"wp:attachment":[{"href":"https:\/\/linojd.com\/de\/wp-json\/wp\/v2\/media?parent=2702"}],"wp:term":[{"taxonomy":"product_brand","embeddable":true,"href":"https:\/\/linojd.com\/de\/wp-json\/wp\/v2\/product_brand?post=2702"},{"taxonomy":"product_cat","embeddable":true,"href":"https:\/\/linojd.com\/de\/wp-json\/wp\/v2\/product_cat?post=2702"},{"taxonomy":"product_tag","embeddable":true,"href":"https:\/\/linojd.com\/de\/wp-json\/wp\/v2\/product_tag?post=2702"}],"curies":[{"name":"wp","href":"https:\/\/api.w.org\/{rel}","templated":true}]}}