{"id":2665,"date":"2026-02-17T22:04:56","date_gmt":"2026-02-17T21:04:56","guid":{"rendered":"https:\/\/linojd.com\/?post_type=product&#038;p=2665"},"modified":"2026-04-17T13:41:12","modified_gmt":"2026-04-17T12:41:12","slug":"fjell-ute-set","status":"publish","type":"product","link":"https:\/\/linojd.com\/de\/produkt\/zestaw-fjell-ute\/","title":{"rendered":"Fjell &amp; \u00dcte set"},"content":{"rendered":"<h5><span style=\"font-weight: 300;\">Tisch- und Stuhlset f\u00fcr Kinder von 2-5 Jahren<\/span><\/h5>\n<p><span style=\"font-weight: 400;\">Das Fjell &amp; \u00dcte-Set ist ein kompletter, zusammenh\u00e4ngender Raum zum Malen, Spielen und f\u00fcr erste Tischaktivit\u00e4ten. Die Kombination aus einem funktionalen Schreibtisch mit ausziehbarem Whiteboard und einem ergonomischen Stuhl unterst\u00fctzt die Selbstst\u00e4ndigkeit und die t\u00e4gliche Kreativit\u00e4t des Kindes - in einem nat\u00fcrlichen, ruhigen Rhythmus.<\/span><\/p>\n<p><span style=\"font-weight: 400;\">Beide St\u00fccke wurden als Ganzes entworfen: passend in Proportion, H\u00f6he und \u00c4sthetik. Das nat\u00fcrliche Buchenholz, die ged\u00e4mpften Farben und die zeitlose Form sorgen daf\u00fcr, dass sich das Set harmonisch in ein Kinderzimmer, ein Wohnzimmer oder einen gemeinsamen Wohnbereich einf\u00fcgt.<\/span><\/p>\n<p><video style=\"max-width: 100%; height: auto;\" poster=\"https:\/\/linojd.com\/wp-content\/uploads\/fjell-ute-prezentacja.png\" controls width=\"1920\" height=\"1080\"><source src=\"https:\/\/linojd.com\/wp-content\/uploads\/mebliki-clip-1-poziom_tablica-v2_AUDIO.mp4\" type=\"video\/mp4\" \/><source src=\"https:\/\/linojd.com\/wp-content\/uploads\/mebliki-clip-1-poziom_tablica-v2_AUDIO.webm\" type=\"video\/webm\" \/><\/video><\/p>\n<h5><\/h5>\n<h5><span style=\"font-weight: 300;\">Warum ein Set von Fjell &amp; \u00dcte?<\/span><\/h5>\n<ul>\n<li style=\"font-weight: 400;\" aria-level=\"1\"><span style=\"font-weight: 400;\">ein kompletter Ort zum Zeichnen, Spielen und Lernen<\/span><\/li>\n<li style=\"font-weight: 400;\" aria-level=\"1\"><span style=\"font-weight: 400;\">ergonomische Proportionen, die auf Kinder im Alter von 2-5 Jahren zugeschnitten sind<\/span><\/li>\n<li style=\"font-weight: 400;\" aria-level=\"1\"><span style=\"font-weight: 400;\">die Unabh\u00e4ngigkeit und Kreativit\u00e4t des Kindes zu f\u00f6rdern<\/span><\/li>\n<li style=\"font-weight: 400;\" aria-level=\"1\"><span style=\"font-weight: 400;\">koh\u00e4rentes, von skandinavischer Einfachheit inspiriertes Design<\/span><\/li>\n<li style=\"font-weight: 400;\" aria-level=\"1\"><span style=\"font-weight: 400;\">eine L\u00f6sung, die mit den t\u00e4glichen Aktivit\u00e4ten des Kindes \u201ew\u00e4chst\u201d<\/span><\/li>\n<li style=\"font-weight: 400;\" aria-level=\"1\"><span style=\"font-weight: 400;\">Abgerundete, sorgf\u00e4ltig verarbeitete Kanten \u2013 sicher f\u00fcr Kinder<\/span><\/li>\n<\/ul>\n<h5><span style=\"font-weight: 300;\">Was das Kit enth\u00e4lt<\/span><\/h5>\n<ul>\n<li style=\"font-weight: 400;\" aria-level=\"1\"><span style=\"font-weight: 400;\">Fjell Schreibtisch mit ausziehbarem Zeichenbrett<\/span><\/li>\n<li style=\"font-weight: 400;\" aria-level=\"1\"><span style=\"font-weight: 400;\">\u00dcte Stuhl mit Griff zum einfachen Selbsttragen<\/span><\/li>\n<\/ul>\n<h5><span style=\"font-weight: 300;\">Materialien und Qualit\u00e4t<\/span><\/h5>\n<ul>\n<li style=\"font-weight: 400;\" aria-level=\"1\"><span style=\"font-weight: 400;\">Massives Buchenholz und robuste MFC-Platte<\/span><\/li>\n<li style=\"font-weight: 400;\" aria-level=\"1\"><span style=\"font-weight: 400;\">Umweltfreundliche, kindersichere Lacke und Farben, konform mit der entsprechenden Norm. <\/span><b>DE 71-3<\/b><\/li>\n<li style=\"font-weight: 400;\" aria-level=\"1\"><span style=\"font-weight: 400;\">zertifiziertes Holz <\/span><b>FSC<\/b><\/li>\n<li style=\"font-weight: 400;\" aria-level=\"1\"><span style=\"font-weight: 400;\">in der EU unter Einhaltung der europ\u00e4ischen Sicherheitsnormen hergestellt<\/span><\/li>\n<li style=\"font-weight: 400;\" aria-level=\"1\"><span style=\"font-weight: 400;\">robuste Konstruktion und zeitlose Form f\u00fcr den t\u00e4glichen Gebrauch<\/span><\/li>\n<\/ul>\n<h5><span style=\"font-weight: 300;\">F\u00fcr wen<\/span><\/h5>\n<p><span style=\"font-weight: 400;\">Reihe f\u00fcr Kinder von <\/span><b>2-5 Jahre<\/b><span style=\"font-weight: 400;\">. Ideal als erstes \u201eeigenes\u201d M\u00f6belst\u00fcck des Kindes - f\u00fcr ruhige, kreative Momente und zum Erlernen der Selbstst\u00e4ndigkeit.<\/span><\/p>\n<h5><span style=\"font-weight: 300;\">Zus\u00e4tzliche M\u00f6glichkeit<\/span><\/h5>\n<p><span style=\"font-weight: 400;\">Das Set von Fjell &amp; \u00dcte kann leicht erweitert werden - es ist m\u00f6glich <\/span><b>den Kauf eines zus\u00e4tzlichen \u00dcte-Stuhls<\/b><span style=\"font-weight: 400;\">, so dass der Schreibtisch bequem genutzt werden kann von <\/span><b>zwei Kinder zur gleichen Zeit<\/b><span style=\"font-weight: 400;\">.<\/span><\/p>\n<p><a href=\"https:\/\/linojd.com\/de\/produkt\/fjell-ute-set-fuer-zwei-kinder\/\">Siehe das Set Fjell &amp; \u00dcte f\u00fcr zwei Kinder.<\/a><\/p>","protected":false},"excerpt":{"rendered":"<p>Das Fjell &amp; \u00dcte-Set ist ein kompletter, zusammenh\u00e4ngender Raum zum Malen, Spielen und f\u00fcr erste Tischaktivit\u00e4ten. Die Kombination aus einem funktionalen Schreibtisch mit ausziehbarem Whiteboard und einem ergonomischen Stuhl unterst\u00fctzt die Selbstst\u00e4ndigkeit und die t\u00e4gliche Kreativit\u00e4t des Kindes - in einem nat\u00fcrlichen, ruhigen Rhythmus.<\/p>","protected":false},"featured_media":2988,"template":"","meta":{"_gspb_post_css":""},"product_brand":[],"product_cat":[20],"product_tag":[],"class_list":{"0":"post-2665","1":"product","2":"type-product","3":"status-publish","4":"has-post-thumbnail","6":"product_cat-zestaw-modulowy-mebli","8":"first","9":"instock","10":"taxable","11":"purchasable","12":"product-type-woosb"},"_links":{"self":[{"href":"https:\/\/linojd.com\/de\/wp-json\/wp\/v2\/product\/2665","targetHints":{"allow":["GET"]}}],"collection":[{"href":"https:\/\/linojd.com\/de\/wp-json\/wp\/v2\/product"}],"about":[{"href":"https:\/\/linojd.com\/de\/wp-json\/wp\/v2\/types\/product"}],"wp:featuredmedia":[{"embeddable":true,"href":"https:\/\/linojd.com\/de\/wp-json\/wp\/v2\/media\/2988"}],"wp:attachment":[{"href":"https:\/\/linojd.com\/de\/wp-json\/wp\/v2\/media?parent=2665"}],"wp:term":[{"taxonomy":"product_brand","embeddable":true,"href":"https:\/\/linojd.com\/de\/wp-json\/wp\/v2\/product_brand?post=2665"},{"taxonomy":"product_cat","embeddable":true,"href":"https:\/\/linojd.com\/de\/wp-json\/wp\/v2\/product_cat?post=2665"},{"taxonomy":"product_tag","embeddable":true,"href":"https:\/\/linojd.com\/de\/wp-json\/wp\/v2\/product_tag?post=2665"}],"curies":[{"name":"wp","href":"https:\/\/api.w.org\/{rel}","templated":true}]}}