{"id":2000,"date":"2025-08-14T08:43:39","date_gmt":"2025-08-14T06:43:39","guid":{"rendered":"https:\/\/linojd.com\/?post_type=product&#038;p=2000"},"modified":"2026-03-29T13:14:15","modified_gmt":"2026-03-29T12:14:15","slug":"holzset-mob-9-in-1","status":"publish","type":"product","link":"https:\/\/linojd.com\/de\/produkt\/zestaw-drewniany-mob-9w1\/","title":{"rendered":"Holzset M\u00f8b 9 in 1"},"content":{"rendered":"<p><span style=\"font-weight: 300;\">Jeder Tag mit einem Kind ist eine neue Geschichte.\n\nDas erste selbstst\u00e4ndige Essen, stundenlanges Zeichnen bunter Welten, kleine B\u00fccherregale voller Geschichten oder selbst gebaute Konstruktionen. M\u00f8b 9 in 1 wurde geschaffen, um Teil dieser Momente zu sein \u2013 um mit dem Kind mitzuwachsen und sich seinen Bed\u00fcrfnissen anzupassen.<\/span><\/p>\n<p><video style=\"display: block; max-width: 100%; height: auto;\" poster=\"https:\/\/linojd.com\/wp-content\/uploads\/linojd_prezentacja.png\" controls=\"controls\" width=\"1920\" height=\"1080\"><source src=\"https:\/\/linojd.com\/wp-content\/uploads\/FILM_MASTER-fullHD-v2.mp4\" type=\"video\/mp4\" \/><\/video><\/p>\n<h5><span style=\"font-weight: 300;\">Warum ist M\u00f8b so besonders?<\/span><\/h5>\n<ul>\n<li style=\"font-weight: 300;\" aria-level=\"1\"><span style=\"font-weight: 300;\">verbindet Funktionalit\u00e4t mit der Schlichtheit skandinavischen Designs,<\/span><\/li>\n<li>ein multifunktionales M\u00f6belset, das als Hocker, Stuhl, Tisch, Schreibtisch sowie als Sofa mit Regal genutzt werden kann,<\/li>\n<li style=\"font-weight: 300;\" aria-level=\"1\"><span style=\"font-weight: 300;\">gefertigt aus massivem Buchenholz und MDF, lackiert mit umweltfreundlichen Farben,<\/span><\/li>\n<li style=\"font-weight: 300;\" aria-level=\"1\"><span style=\"font-weight: 300;\">dank modularer Konstruktion und Verstellm\u00f6glichkeiten bietet es bis zu 9 Funktionen,<\/span><\/li>\n<li style=\"font-weight: 300;\" aria-level=\"1\"><span style=\"font-weight: 300;\">eine Investition f\u00fcr viele Jahre \u2013 geeignet f\u00fcr Kinder von 1 bis 6 Jahren,<\/span><\/li>\n<li aria-level=\"1\">seitlicher Schutz f\u00fcr Kinder ab dem 1. Lebensjahr.<\/li>\n<\/ul>\n<h5><span style=\"font-weight: 300;\">Wie ver\u00e4ndert sich M\u00f8b mit dem Kind?<\/span><\/h5>\n<ul>\n<li style=\"font-weight: 300;\" aria-level=\"1\">Set f\u00fcr Kinder von 1\u20132 Jahren: Stuhl mit Tisch<\/li>\n<li style=\"font-weight: 300;\" aria-level=\"1\">Set f\u00fcr Kinder von 2\u20134 Jahren: Stuhl mit Tisch und zus\u00e4tzlichem Platz f\u00fcr Stifte und Zubeh\u00f6r<\/li>\n<li style=\"font-weight: 300;\" aria-level=\"1\">Set f\u00fcr Kinder von 5\u20136 Jahren: Hocker mit Schreibtisch und Stauraum f\u00fcr B\u00fccher und Materialien<\/li>\n<li style=\"font-weight: 300;\" aria-level=\"1\">Set f\u00fcr Kinder von 5\u20136 Jahren: B\u00fccherbereich mit der M\u00f6glichkeit, ein Sofa zu gestalten<span style=\"font-weight: 300;\"><br \/>\n<\/span><\/li>\n<\/ul>\n<h5><span style=\"font-weight: 300;\">Materialien und Qualit\u00e4t<\/span><\/h5>\n<ul>\n<li style=\"font-weight: 300;\" aria-level=\"1\"><span style=\"font-weight: 300;\">massives Buchenholz und MDF,<\/span><\/li>\n<li style=\"font-weight: 300;\" aria-level=\"1\"><span style=\"font-weight: 300;\">\u00f6kologische Lacke und Farben gem\u00e4\u00df EN 71-3,<\/span><\/li>\n<li style=\"font-weight: 300;\" aria-level=\"1\"><span style=\"font-weight: 300;\">FSC-zertifiziertes Holz,<\/span><\/li>\n<li style=\"font-weight: 300;\" aria-level=\"1\"><span style=\"font-weight: 300;\">Produktion in der EU gem\u00e4\u00df EN 16516 und EN 17191,<\/span><\/li>\n<li style=\"font-weight: 300;\" aria-level=\"1\"><span style=\"font-weight: 300;\">einfache Montage, stabile Konstruktion, zeitlose Form.<\/span><\/li>\n<\/ul>\n<h5><span style=\"font-weight: 300;\">Im Set enthalten<\/span><\/h5>\n<ul>\n<li style=\"font-weight: 300;\" aria-level=\"1\"><span style=\"font-weight: 300;\">3 modulare M\u00f6belelemente,<\/span><\/li>\n<li style=\"font-weight: 300;\" aria-level=\"1\"><span style=\"font-weight: 300;\">lin\u00f6jd Malbuch \u2013 originale Illustration f\u00fcr gemeinsame Zeit,<\/span><\/li>\n<li style=\"font-weight: 300;\" aria-level=\"1\"><span style=\"font-weight: 300;\">Benutzerhandbuch \u2013 Inspirationen, Aufbauvarianten und praktische Hinweise,<\/span><\/li>\n<li style=\"font-weight: 300;\" aria-level=\"1\">Abdeckkappen und Schutzfilze.<\/li>\n<\/ul>\n<p><span style=\"font-size: 11px;\"><i>*Nicht auf das Produkt steigen. Das Produkt ist zum Sitzen bestimmt.<\/i><\/span><\/p>","protected":false},"excerpt":{"rendered":"<p>M\u00f8b 9in1 ist ein M\u00f6belset, das mit dem Kind mitw\u00e4chst.\nDrei modulare Elemente erm\u00f6glichen bis zu neun Funktionen - vom Kinderstuhl und Tisch \u00fcber Hocker und Schreibtisch bis hin zu einem Sofa mit Regal.\nGefertigt aus massivem Buchenholz und MDF, mit umweltfreundlichen Farben lackiert, ist es langlebig, sicher und zeitlos.\nEin M\u00f6belst\u00fcck, das alle Bed\u00fcrfnisse eines Kindes bis zum sechsten Lebensjahr erf\u00fcllt und sich harmonisch in den Alltag im Geist von Hygge und Lagom einf\u00fcgt.<\/p>","protected":false},"featured_media":2354,"template":"","meta":{"_gspb_post_css":""},"product_brand":[],"product_cat":[20],"product_tag":[],"class_list":{"0":"post-2000","1":"product","2":"type-product","3":"status-publish","4":"has-post-thumbnail","6":"product_cat-zestaw-modulowy-mebli","8":"first","9":"instock","10":"taxable","11":"shipping-taxable","12":"purchasable","13":"product-type-variable","14":"has-default-attributes"},"_links":{"self":[{"href":"https:\/\/linojd.com\/de\/wp-json\/wp\/v2\/product\/2000","targetHints":{"allow":["GET"]}}],"collection":[{"href":"https:\/\/linojd.com\/de\/wp-json\/wp\/v2\/product"}],"about":[{"href":"https:\/\/linojd.com\/de\/wp-json\/wp\/v2\/types\/product"}],"wp:featuredmedia":[{"embeddable":true,"href":"https:\/\/linojd.com\/de\/wp-json\/wp\/v2\/media\/2354"}],"wp:attachment":[{"href":"https:\/\/linojd.com\/de\/wp-json\/wp\/v2\/media?parent=2000"}],"wp:term":[{"taxonomy":"product_brand","embeddable":true,"href":"https:\/\/linojd.com\/de\/wp-json\/wp\/v2\/product_brand?post=2000"},{"taxonomy":"product_cat","embeddable":true,"href":"https:\/\/linojd.com\/de\/wp-json\/wp\/v2\/product_cat?post=2000"},{"taxonomy":"product_tag","embeddable":true,"href":"https:\/\/linojd.com\/de\/wp-json\/wp\/v2\/product_tag?post=2000"}],"curies":[{"name":"wp","href":"https:\/\/api.w.org\/{rel}","templated":true}]}}