{"id":1882,"date":"2025-06-14T20:09:10","date_gmt":"2025-06-14T20:09:10","guid":{"rendered":"https:\/\/linojd.com\/?page_id=1882"},"modified":"2026-03-07T21:00:35","modified_gmt":"2026-03-07T20:00:35","slug":"versand-und-zahlung","status":"publish","type":"page","link":"https:\/\/linojd.com\/de\/dostawa-i-platnosc\/","title":{"rendered":"Versand &amp; Zahlung"},"content":{"rendered":"<div class=\"wp-block-greenshift-blocks-row gspb_row gspb_row-id-gsbp-6de1c92\" id=\"gspb_row-id-gsbp-6de1c92\"><div class=\"gspb_row__content\"> \n<div class=\"wp-block-greenshift-blocks-row-column gspb_row__col--3 gspb_col-id-gsbp-57024ca\" id=\"gspb_col-id-gsbp-57024ca\">\n<div class=\"wp-block-greenshift-blocks-iconbox gspb_iconBox gspb_iconBox-id-gsbp-5be9abe\" id=\"gspb_iconBox-id-gsbp-5be9abe\"><div class=\"gspb_iconBox__wrapper\" style=\"display:inline-flex\"><img decoding=\"async\" src=\"https:\/\/linojd.com\/wp-content\/uploads\/1a1.svg\"\/><\/div><\/div>\n<\/div>\n\n\n\n<div class=\"wp-block-greenshift-blocks-row-column gspb_row__col--9 gspb_col-id-gsbp-ec41014\" id=\"gspb_col-id-gsbp-ec41014\">\n<h5 id=\"gspb_heading-id-gsbp-3430b4e\" class=\"gspb_heading gspb_heading-id-gsbp-3430b4e\">Versand<\/h5>\n\n\n\n<div id=\"gspb_text-id-gsbp-d4e0f87\" class=\"gspb_text gspb_text-id-gsbp-d4e0f87 translation-block\">Wir arbeiten mit dem Kurierdienst GLS zusammen, der Ihre Bestellung sicher direkt zu Ihnen nach Hause liefert.<br>Die Standardlieferzeit betr\u00e4gt 5 bis maximal 7 Werktage, gerechnet ab dem Zeitpunkt, an dem die Zahlung auf dem Konto des Verk\u00e4ufers gutgeschrieben wurde.<\/div>\n<\/div>\n <\/div><\/div>\n\n\n\n<div class=\"wp-block-greenshift-blocks-row gspb_row gspb_row-id-gsbp-485c1ab\" id=\"gspb_row-id-gsbp-485c1ab\"><div class=\"gspb_row__content\"> \n<div class=\"wp-block-greenshift-blocks-row-column gspb_row__col--3 gspb_col-id-gsbp-5ad8368\" id=\"gspb_col-id-gsbp-5ad8368\"><\/div>\n\n\n\n<div class=\"wp-block-greenshift-blocks-row-column gspb_row__col--9 gspb_col-id-gsbp-f5dec3e\" id=\"gspb_col-id-gsbp-f5dec3e\"><\/div>\n <\/div><\/div>\n\n\n\n<div class=\"wp-block-greenshift-blocks-row gspb_row gspb_row-id-gsbp-8ca72e7\" id=\"gspb_row-id-gsbp-8ca72e7\"><div class=\"gspb_row__content\"> \n<div class=\"wp-block-greenshift-blocks-row-column gspb_row__col--3 gspb_col-id-gsbp-2367b9b\" id=\"gspb_col-id-gsbp-2367b9b\">\n<div class=\"wp-block-greenshift-blocks-iconbox gspb_iconBox gspb_iconBox-id-gsbp-8c02b3c\" id=\"gspb_iconBox-id-gsbp-8c02b3c\"><div class=\"gspb_iconBox__wrapper\" style=\"display:inline-flex\"><img decoding=\"async\" src=\"https:\/\/linojd.com\/wp-content\/uploads\/2025\/06\/debit-cards-1.png\"\/><\/div><\/div>\n<\/div>\n\n\n\n<div class=\"wp-block-greenshift-blocks-row-column gspb_row__col--9 gspb_col-id-gsbp-b4b721d\" id=\"gspb_col-id-gsbp-b4b721d\">\n<h5 id=\"gspb_heading-id-gsbp-5414c5e\" class=\"gspb_heading gspb_heading-id-gsbp-5414c5e\">Zahlung<\/h5>\n\n\n\n<div id=\"gspb_text-id-gsbp-61ce2f1\" class=\"gspb_text gspb_text-id-gsbp-61ce2f1\">Wir glauben, dass Einfachheit f\u00fcr mehr Sicherheit sorgt. Deshalb werden zu Ihrer Bequemlichkeit alle Zahlungen in unserem Shop \u00fcber <strong>PayPal<\/strong> abgewickelt - einen sicheren Online-Zahlungsanbieter.<br><\/li>\n<\/ul>\n\n\n\n<div id=\"gspb_text-id-gsbp-2110d72\" class=\"gspb_text gspb_text-id-gsbp-2110d72\">Nach Auswahl der Zahlungsmethode werden Sie zur Anmeldung in Ihrem PayPal-Konto weitergeleitet, wo Sie die Transaktion sicher abschlie\u00dfen k\u00f6nnen.<br><br>Nach Ihrer Bestellung erhalten Sie von uns eine Best\u00e4tigungs-E-Mail.<br><\/div>\n<\/div>\n <\/div><\/div>\n\n\n\n<p><\/p>","protected":false},"excerpt":{"rendered":"","protected":false},"author":1,"featured_media":0,"parent":0,"menu_order":0,"comment_status":"closed","ping_status":"closed","template":"","meta":{"_gspb_post_css":"#gspb_row-id-gsbp-6de1c92{justify-content:space-between;margin-top:0;margin-bottom:0;display:flex;flex-wrap:wrap}#gspb_row-id-gsbp-6de1c92>.gspb_row__content{display:flex;justify-content:space-between;margin:0 auto;width:100%;flex-wrap:wrap}div[id^=gspb_col-id]{box-sizing:border-box;position:relative;padding:var(--gs-row-column-padding, 15px min(3vw, 20px))}body.gspb-bodyfront #gspb_row-id-gsbp-6de1c92>.gspb_row__content{width:var(--theme-container-width, 1200px);max-width:var(--theme-normal-container-max-width, 1200px)}#gspb_col-id-gsbp-57024ca.gspb_row__col--3{width:25%}@media (max-width:575.98px){#gspb_col-id-gsbp-57024ca.gspb_row__col--3{width:100%}}#gspb_iconBox-id-gsbp-5be9abe svg,#gspb_iconBox-id-gsbp-8c02b3c svg{width:72px}#gspb_iconBox-id-gsbp-5be9abe{justify-content:center;display:flex}#gspb_iconBox-id-gsbp-5be9abe img{height:100px!important;width:100px!important;min-width:100px!important;margin:0!important}#gspb_iconBox-id-gsbp-5be9abe img,#gspb_iconBox-id-gsbp-5be9abe img path,#gspb_iconBox-id-gsbp-5be9abe img:hover,#gspb_iconBox-id-gsbp-5be9abe img:hover path,#gspb_iconBox-id-gsbp-8c02b3c img:hover,#gspb_iconBox-id-gsbp-8c02b3c img:hover path{fill:var(--theme-link-initial-color, currentColor)!important}#gspb_col-id-gsbp-ec41014.gspb_row__col--9{width:75%}@media (max-width:575.98px){#gspb_col-id-gsbp-ec41014.gspb_row__col--9{width:100%}#gspb_heading-id-gsbp-3430b4e,#gspb_heading-id-gsbp-3430b4e .gsap-g-line{text-align:center!important}}#gspb_heading-id-gsbp-3430b4e{color:var(--wp--preset--color--palette-color-1, var(--theme-palette-color-1, rgb(132,131,95)));margin-top:0}@media (max-width:575.98px){.gspb_text-id-gsbp-d4e0f87,.gspb_text-id-gsbp-d4e0f87 .gsap-g-line{text-align:center!important}}#gspb_row-id-gsbp-485c1ab,#gspb_row-id-gsbp-8ca72e7{justify-content:space-between;margin-top:0;margin-bottom:0;display:flex;flex-wrap:wrap}#gspb_row-id-gsbp-485c1ab>.gspb_row__content{display:flex;justify-content:space-between;margin:0 auto;width:100%;flex-wrap:wrap}.gspb_row{position:relative}#gspb_col-id-gsbp-5ad8368.gspb_row__col--3{width:25%}@media (max-width:575.98px){#gspb_col-id-gsbp-5ad8368.gspb_row__col--3{width:100%}}#gspb_col-id-gsbp-f5dec3e.gspb_row__col--9{width:75%}@media (max-width:575.98px){#gspb_col-id-gsbp-f5dec3e.gspb_row__col--9{width:100%}}#gspb_row-id-gsbp-8ca72e7>.gspb_row__content{display:flex;justify-content:space-between;margin:0 auto;width:100%;flex-wrap:wrap}body.gspb-bodyfront #gspb_row-id-gsbp-485c1ab>.gspb_row__content,body.gspb-bodyfront #gspb_row-id-gsbp-8ca72e7>.gspb_row__content{width:var(--theme-container-width, 1200px);max-width:var(--theme-normal-container-max-width, 1200px)}#gspb_col-id-gsbp-2367b9b.gspb_row__col--3{width:25%}@media (max-width:575.98px){#gspb_col-id-gsbp-2367b9b.gspb_row__col--3{width:100%}}#gspb_iconBox-id-gsbp-8c02b3c{justify-content:center;display:flex}#gspb_iconBox-id-gsbp-8c02b3c img{height:100px!important;width:100px!important;min-width:100px!important;margin:0!important}#gspb_iconBox-id-gsbp-8c02b3c img,#gspb_iconBox-id-gsbp-8c02b3c img path{fill:var(--wp--preset--color--palette-color-1, var(--theme-palette-color-1, rgb(132,131,95)))!important}@media (max-width:575.98px){#gspb_iconBox-id-gsbp-8c02b3c .gspb_iconBox__wrapper{margin-top:30px!important}}#gspb_col-id-gsbp-b4b721d.gspb_row__col--9{width:75%}@media (max-width:575.98px){#gspb_col-id-gsbp-b4b721d.gspb_row__col--9{width:100%}#gspb_heading-id-gsbp-5414c5e,#gspb_heading-id-gsbp-5414c5e .gsap-g-line{text-align:center!important}}#gspb_heading-id-gsbp-5414c5e{color:var(--wp--preset--color--palette-color-1, var(--theme-palette-color-1, rgb(132,131,95)));margin-top:0}@media (max-width:575.98px){.gspb_text-id-gsbp-61ce2f1,.gspb_text-id-gsbp-61ce2f1 .gsap-g-line{text-align:center!important}}.gspb_text-id-gsbp-61ce2f1{margin-top:0!important}@media (max-width:575.98px){.gspb_text-id-gsbp-2110d72,.gspb_text-id-gsbp-2110d72 .gsap-g-line{text-align:center!important}}.gspb_text-id-gsbp-2110d72{margin-top:0!important}","footnotes":""},"class_list":["post-1882","page","type-page","status-publish","hentry"],"blocksy_meta":[],"_links":{"self":[{"href":"https:\/\/linojd.com\/de\/wp-json\/wp\/v2\/pages\/1882","targetHints":{"allow":["GET"]}}],"collection":[{"href":"https:\/\/linojd.com\/de\/wp-json\/wp\/v2\/pages"}],"about":[{"href":"https:\/\/linojd.com\/de\/wp-json\/wp\/v2\/types\/page"}],"author":[{"embeddable":true,"href":"https:\/\/linojd.com\/de\/wp-json\/wp\/v2\/users\/1"}],"replies":[{"embeddable":true,"href":"https:\/\/linojd.com\/de\/wp-json\/wp\/v2\/comments?post=1882"}],"version-history":[{"count":0,"href":"https:\/\/linojd.com\/de\/wp-json\/wp\/v2\/pages\/1882\/revisions"}],"wp:attachment":[{"href":"https:\/\/linojd.com\/de\/wp-json\/wp\/v2\/media?parent=1882"}],"curies":[{"name":"wp","href":"https:\/\/api.w.org\/{rel}","templated":true}]}}