{"id":1460,"date":"2025-04-19T21:36:32","date_gmt":"2025-04-19T21:36:32","guid":{"rendered":"https:\/\/linojd.com\/?page_id=1460"},"modified":"2026-03-07T23:11:26","modified_gmt":"2026-03-07T22:11:26","slug":"kontakt","status":"publish","type":"page","link":"https:\/\/linojd.com\/de\/kontakt\/","title":{"rendered":"Kontakt"},"content":{"rendered":"\n<div class=\"wp-block-greenshift-blocks-row alignfull gspb_row gs-on-view gspb_row-id-gsbp-ccef69d7-abc8\" id=\"gspb_row-id-gsbp-ccef69d7-abc8\"><\/div>\n\n\n\n<div class=\"wp-block-greenshift-blocks-row gspb_row gspb_row-id-gsbp-07130f3 gspb_row--gutter-custom-0\" id=\"gspb_row-id-gsbp-07130f3\"><div class=\"gspb_row__content\"> \n<div class=\"wp-block-greenshift-blocks-row-column gspb_row__col--4 gspb_row__col--md-12 gspb_col-id-gsbp-cb16638\" id=\"gspb_col-id-gsbp-cb16638\">\n<h4 id=\"gspb_heading-id-gsbp-3d3732e\" class=\"gspb_heading gspb_heading-id-gsbp-3d3732e \">Masz pytanie albo chcesz si\u0119 po prostu przywita\u0107? <\/h4>\n\n\n\n<div id=\"gspb_text-id-gsbp-e5af889\" class=\"gspb_text gspb_text-id-gsbp-e5af889 \">Pisz \u015bmia\u0142o \u2013 uwielbiamy wiadomo\u015bci od Was &#8211; help@linojd.com<br><br>Jeste\u015bmy tu od poniedzia\u0142ku do pi\u0105tku, 8:00\u201316:00.<br>Je\u015bli napiszesz p\u00f3\u017aniej \u2013 odpowiemy rano, z kubkiem herbaty czy kawy w d\u0142oni i pe\u0142n\u0105 uwag\u0105.<\/div>\n<\/div>\n\n\n\n<div class=\"wp-block-greenshift-blocks-row-column gspb_row__col--8 gspb_row__col--md-12 gspb_col-id-gsbp-b1d5c07\" id=\"gspb_col-id-gsbp-b1d5c07\">\n\n\n\n\n\n\n\n<div class='fluentform ff-inherit-theme-style fluentform_wrapper_6  ff_guten_block ff_guten_block-6'><form data-form_id=\"6\" id=\"fluentform_6\" class=\"frm-fluent-form fluent_form_6 ff-el-form-top ff_form_instance_6_5 ff-form-loading ffs_inherit_theme\" data-form_instance=\"ff_form_instance_6_5\" method=\"POST\" ><fieldset  style=\"border: none!important;margin: 0!important;padding: 0!important;background-color: transparent!important;box-shadow: none!important;outline: none!important; min-inline-size: 100%;\">\n                    <legend class=\"ff_screen_reader_title\" style=\"display: block; margin: 0!important;padding: 0!important;height: 0!important;text-indent: -999999px;width: 0!important;overflow:hidden;\">contact form [DE]<\/legend><input type='hidden' name='__fluent_form_embded_post_id' value='1460' \/><input type=\"hidden\" id=\"_fluentform_6_fluentformnonce\" name=\"_fluentform_6_fluentformnonce\" value=\"742c7f754b\" \/><input type=\"hidden\" name=\"_wp_http_referer\" value=\"\/de\/wp-json\/wp\/v2\/pages\/1460\" \/><div data-name=\"ff_cn_id_1\"  class='ff-t-container ff-column-container ff_columns_total_2 '><div class='ff-t-cell ff-t-column-1' style='flex-basis: 50%;'><div data-type=\"name-element\" data-name=\"names\" class=\" ff-field_container ff-name-field-wrapper\" ><div class='ff-t-container'><div class='ff-t-cell '><div class='ff-el-group'><div class=\"ff-el-input--label ff-el-is-required asterisk-right\"><label for='ff_6_5_names_first_name_' id='label_ff_6_5_names_first_name_' >Name<\/label><\/div><div class='ff-el-input--content'><input type=\"text\" name=\"names[first_name]\" id=\"ff_6_5_names_first_name_\" class=\"ff-el-form-control\" placeholder=\"Name\" aria-invalid=\"false\" aria-required=true><\/div><\/div><\/div><\/div><\/div><\/div><div class='ff-t-cell ff-t-column-2' style='flex-basis: 50%;'><div class='ff-el-group'><div class=\"ff-el-input--label ff-el-is-required asterisk-right\"><label for='ff_6_5_email' id='label_ff_6_5_email' aria-label=\"E-Mail\">E-Mail<\/label><\/div><div class='ff-el-input--content'><input type=\"email\" name=\"email\" id=\"ff_6_5_email\" class=\"ff-el-form-control\" placeholder=\"E-Mail\" data-name=\"email\"  aria-invalid=\"false\" aria-required=true><\/div><\/div><\/div><\/div><div class='ff-el-group'><div class=\"ff-el-input--label ff-el-is-required asterisk-right\"><label for='ff_6_5_dropdown' id='label_ff_6_5_dropdown' aria-label=\"Thema ausw\u00e4hlen\">Thema ausw\u00e4hlen<\/label><\/div><div class='ff-el-input--content'><select name=\"dropdown\" id=\"ff_6_5_dropdown\" class=\"ff-el-form-control\" data-name=\"dropdown\" data-calc_value=\"0\"  aria-invalid=\"false\" aria-required=\"true\" aria-labelledby=\"label_ff_6_5_dropdown\"><option value=\"\">Thema ausw\u00e4hlen<\/option><option value=\"Anfrage zur Marketing-Kooperation\"  >Anfrage zur Marketing-Kooperation<\/option><option value=\"Anfrage zur B2B-Kooperation\"  >Anfrage zur B2B-Kooperation<\/option><option value=\"Produktanfrage\"  >Produktanfrage<\/option><option value=\"Bestellung\"  >Bestellung<\/option><option value=\"Hilfe \u2013 Reklamation, Garantie\"  >Hilfe \u2013 Reklamation, Garantie<\/option><option value=\"Sonstiges\"  >Sonstiges<\/option><\/select><\/div><\/div><div class='ff-el-group'><div class=\"ff-el-input--label ff-el-is-required asterisk-right\"><label for='ff_6_5_message' id='label_ff_6_5_message' aria-label=\"Nachrichteninhalt\">Nachrichteninhalt<\/label><\/div><div class='ff-el-input--content'><textarea aria-required=\"true\" aria-labelledby=\"label_ff_6_5_message\" name=\"message\" id=\"ff_6_5_message\" class=\"ff-el-form-control\" placeholder=\"Nachrichteninhalt\" rows=\"4\" cols=\"2\" data-name=\"message\" ><\/textarea><\/div><\/div><div class='ff-el-group    ff-el-input--content'><div class='ff-el-form-check ff-el-tc'><label aria-label='Terms and Conditions: Ich erkl\u00e4re, dass ich die Informationen zum Verantwortlichen und zur Verarbeitung meiner Daten im Zusammenhang mit dem Ausf\u00fcllen des Kontaktformulars auf der Website linojd.com gelesen habe. Contains 2 links. Use tab navigation to review.' class='ff-el-form-check-label ff_tc_label' for=gdpr-agreement_0c4c7a9f8870f0f741116f432c974f60><span class='ff_tc_checkbox'><input type=\"checkbox\" name=\"gdpr-agreement\" class=\"ff-el-form-check-input ff_gdpr_field\" data-name=\"gdpr-agreement\" id=\"gdpr-agreement_0c4c7a9f8870f0f741116f432c974f60\"  value='on' aria-invalid='false' aria-required=true><\/span> <div class='ff_t_c'>Ich erkl\u00e4re, dass ich <a href=\"https:\/\/linojd.com\/de\/datenschutz-cookie-richtlinie\/\">die Informationen zum Verantwortlichen und zur Verarbeitung meiner Daten<\/a> im Zusammenhang mit dem Ausf\u00fcllen des Kontaktformulars auf der Website <a href=\"https:\/\/linojd.com\/\">linojd.com<\/a> gelesen habe.<\/div><\/label><\/div><\/div><div class='ff-el-group ff-text-left ff_submit_btn_wrapper'><button type=\"submit\" class=\"ff-btn ff-btn-submit ff-btn-md ff_btn_no_style\"  aria-label=\"Senden\">Senden<\/button><\/div><\/fieldset><\/form><div id='fluentform_6_errors' class='ff-errors-in-stack ff_form_instance_6_5 ff-form-loading_errors ff_form_instance_6_5_errors'><\/div><\/div>            <script type=\"text\/javascript\">\n                window.fluent_form_ff_form_instance_6_5 = {\"id\":\"6\",\"settings\":{\"layout\":{\"labelPlacement\":\"top\",\"helpMessagePlacement\":\"with_label\",\"errorMessagePlacement\":\"inline\",\"cssClassName\":\"\",\"asteriskPlacement\":\"asterisk-right\"},\"restrictions\":{\"denyEmptySubmission\":{\"enabled\":false}}},\"form_instance\":\"ff_form_instance_6_5\",\"form_id_selector\":\"fluentform_6\",\"rules\":{\"names[first_name]\":{\"required\":{\"value\":true,\"message\":\"to pole jest wymagane\",\"global\":true,\"global_message\":\"to pole jest wymagane\"}},\"names[middle_name]\":{\"required\":{\"value\":false,\"message\":\"This field is required\",\"global\":false,\"global_message\":\"to pole jest wymagane\"}},\"names[last_name]\":{\"required\":{\"value\":true,\"message\":\"This field is required\",\"global\":false,\"global_message\":\"to pole jest wymagane\"}},\"email\":{\"required\":{\"value\":true,\"message\":\"to pole jest wymagane\",\"global\":true,\"global_message\":\"to pole jest wymagane\"},\"email\":{\"value\":true,\"message\":\"This field must contain a valid email\",\"global\":false,\"global_message\":\"to pole musi zawiera\\u0107 prawid\\u0142owy adres e-mail\"}},\"dropdown\":{\"required\":{\"value\":true,\"message\":\"to pole jest wymagane\",\"global_message\":\"to pole jest wymagane\",\"global\":true}},\"message\":{\"required\":{\"value\":true,\"message\":\"to pole jest wymagane\",\"global\":true,\"global_message\":\"to pole jest wymagane\"}},\"gdpr-agreement\":{\"required\":{\"value\":true,\"message\":\"zgoda jest wymagana\",\"global_message\":\"to pole jest wymagane\",\"global\":false}}},\"debounce_time\":300};\n                            <\/script>\n            <\/div>\n <\/div><\/div>\n\n\n\n<p><\/p>\n","protected":false},"excerpt":{"rendered":"","protected":false},"author":1,"featured_media":0,"parent":0,"menu_order":0,"comment_status":"closed","ping_status":"closed","template":"","meta":{"_gspb_post_css":"#gspb_row-id-gsbp-ccef69d7-abc8{display:flex;flex-wrap:wrap;align-items:flex-start;justify-content:flex-start;align-content:flex-start;margin-top:0;margin-bottom:0;padding:0;background-size:cover;background-attachment:fixed}#gspb_row-id-gsbp-ccef69d7-abc8>.gspb_row__content{display:flex;justify-content:space-between;margin:0 auto;width:100%;flex-wrap:wrap}.gspb_row{position:relative}div[id^=gspb_col-id]{box-sizing:border-box;position:relative;padding:var(--gs-row-column-padding, 15px min(3vw, 20px))}#gspb_row-id-gsbp-ccef69d7-abc8.gs-active-view{background-image:url(https:\/\/linojd.com\/wp-content\/uploads\/2025\/04\/Mob_08-scaled.jpg)}#gspb_row-id-gsbp-ccef69d7-abc8:hover{background-size:cover}#gspb_row-id-gsbp-07130f3{justify-content:space-between;margin-top:0;margin-bottom:0;display:flex;flex-wrap:wrap;padding-right:30px;padding-left:30px}#gspb_row-id-gsbp-07130f3>.gspb_row__content{display:flex;justify-content:space-between;margin:0 auto;width:100%;flex-wrap:wrap}@media (max-width:991.98px){#gspb_row-id-gsbp-07130f3>.gspb_row__content{row-gap:50px}}body.gspb-bodyfront #gspb_row-id-gsbp-07130f3>.gspb_row__content{width:var(--theme-container-width, 1200px);max-width:var(--theme-normal-container-max-width, 1200px)}@media (max-width:575.98px){#gspb_row-id-gsbp-07130f3{padding-right:5px;padding-left:5px}}#gspb_row-id-gsbp-07130f3,#gspb_row-id-gsbp-07130f3 .gsap-g-line{text-align:left!important}#gspb_col-id-gsbp-cb16638.gspb_row__col--4{width:calc(33.333333333333336% - 0px)}@media (max-width:991.98px){#gspb_col-id-gsbp-cb16638.gspb_row__col--4{width:100%}}@media (max-width:767.98px){#gspb_col-id-gsbp-cb16638.gspb_row__col--4{width:calc(100% - 0px)}}@media (max-width:575.98px){#gspb_col-id-gsbp-cb16638.gspb_row__col--4{width:100%}}.gspb_row #gspb_col-id-gsbp-cb16638.gspb_row__col--4{padding:10px}@media (max-width:575.98px){.gspb_row #gspb_col-id-gsbp-cb16638.gspb_row__col--4{padding:0}}#gspb_heading-id-gsbp-3d3732e{font-size:22px}@media (max-width:991.98px){#gspb_heading-id-gsbp-3d3732e{font-size:30px}}@media (max-width:575.98px){#gspb_heading-id-gsbp-3d3732e{font-size:25px;text-align:left!important}#gspb_heading-id-gsbp-3d3732e .gsap-g-line{text-align:left!important}}#gspb_heading-id-gsbp-3d3732e{margin-top:0;margin-bottom:10px;max-width:400px}@media (max-width:991.98px){#gspb_heading-id-gsbp-3d3732e{max-width:100%}}.gspb_text-id-gsbp-e5af889{font-size:14px}#gspb_col-id-gsbp-b1d5c07.gspb_row__col--8{width:calc(66.66666666666667% - 0px)}@media (max-width:991.98px){#gspb_col-id-gsbp-b1d5c07.gspb_row__col--8{width:100%}}@media (max-width:767.98px){#gspb_col-id-gsbp-b1d5c07.gspb_row__col--8{width:calc(100% - 0px)}}@media (max-width:575.98px){#gspb_col-id-gsbp-b1d5c07.gspb_row__col--8{width:100%}}.gspb_row #gspb_col-id-gsbp-b1d5c07.gspb_row__col--8{padding:0}","footnotes":""},"class_list":["post-1460","page","type-page","status-publish","hentry"],"blocksy_meta":[],"_links":{"self":[{"href":"https:\/\/linojd.com\/de\/wp-json\/wp\/v2\/pages\/1460","targetHints":{"allow":["GET"]}}],"collection":[{"href":"https:\/\/linojd.com\/de\/wp-json\/wp\/v2\/pages"}],"about":[{"href":"https:\/\/linojd.com\/de\/wp-json\/wp\/v2\/types\/page"}],"author":[{"embeddable":true,"href":"https:\/\/linojd.com\/de\/wp-json\/wp\/v2\/users\/1"}],"replies":[{"embeddable":true,"href":"https:\/\/linojd.com\/de\/wp-json\/wp\/v2\/comments?post=1460"}],"version-history":[{"count":0,"href":"https:\/\/linojd.com\/de\/wp-json\/wp\/v2\/pages\/1460\/revisions"}],"wp:attachment":[{"href":"https:\/\/linojd.com\/de\/wp-json\/wp\/v2\/media?parent=1460"}],"curies":[{"name":"wp","href":"https:\/\/api.w.org\/{rel}","templated":true}]}}